{"id":2427,"date":"2025-05-28T15:16:36","date_gmt":"2025-05-28T15:16:36","guid":{"rendered":"https:\/\/art99.org\/?page_id=2427"},"modified":"2025-06-14T20:36:25","modified_gmt":"2025-06-14T20:36:25","slug":"grossformatiges-projekt","status":"publish","type":"page","link":"https:\/\/art99.org\/?page_id=2427&lang=de","title":{"rendered":"Gro\u00dfformatiges Projekt"},"content":{"rendered":"\t\t<div data-elementor-type=\"wp-page\" data-elementor-id=\"2427\" class=\"elementor elementor-2427 elementor-1223\" data-elementor-post-type=\"page\">\n\t\t\t\t<div class=\"elementor-element elementor-element-680906e e-flex e-con-boxed e-con e-parent\" data-id=\"680906e\" data-element_type=\"container\">\n\t\t\t\t\t<div class=\"e-con-inner\">\n\t\t\t\t<div class=\"elementor-element elementor-element-1cc464e elementor-widget elementor-widget-heading\" data-id=\"1cc464e\" data-element_type=\"widget\" data-widget_type=\"heading.default\">\n\t\t\t\t<div class=\"elementor-widget-container\">\n\t\t\t\t\t<h2 class=\"elementor-heading-title elementor-size-default\">Dies ist in der Tat ein Werk von betr\u00e4chtlichen Dimensionen<\/h2>\t\t\t\t<\/div>\n\t\t\t\t<\/div>\n\t\t\t\t<div class=\"elementor-element elementor-element-01c670a elementor-widget elementor-widget-text-editor\" data-id=\"01c670a\" data-element_type=\"widget\" data-widget_type=\"text-editor.default\">\n\t\t\t\t<div class=\"elementor-widget-container\">\n\t\t\t\t\t\t\t\t\t<p>Ich hatte die Ehre, einen Auftrag von einem gesch\u00e4tzten Paar aus Deutschland zu erhalten. Ihr Wunsch war es, eine majest\u00e4tische Welle und den Montana Roja aus El Medano auf Teneriffa im Hintergrund darzustellen<\/p>\t\t\t\t\t\t\t\t<\/div>\n\t\t\t\t<\/div>\n\t\t\t\t\t<\/div>\n\t\t\t\t<\/div>\n\t\t<div class=\"elementor-element elementor-element-c0c1517 e-flex e-con-boxed e-con e-parent\" data-id=\"c0c1517\" data-element_type=\"container\">\n\t\t\t\t\t<div class=\"e-con-inner\">\n\t\t\t\t<div class=\"elementor-element elementor-element-9314565 elementor-widget elementor-widget-image\" data-id=\"9314565\" data-element_type=\"widget\" data-widget_type=\"image.default\">\n\t\t\t\t<div class=\"elementor-widget-container\">\n\t\t\t\t\t\t\t\t\t\t\t\t\t\t\t<img fetchpriority=\"high\" decoding=\"async\" width=\"768\" height=\"1024\" src=\"https:\/\/art99.org\/wp-content\/uploads\/2025\/05\/IMG_20250527_152500-1-768x1024.jpg\" class=\"attachment-large size-large wp-image-2365\" alt=\"\" srcset=\"https:\/\/art99.org\/wp-content\/uploads\/2025\/05\/IMG_20250527_152500-1-768x1024.jpg 768w, https:\/\/art99.org\/wp-content\/uploads\/2025\/05\/IMG_20250527_152500-1-225x300.jpg 225w, https:\/\/art99.org\/wp-content\/uploads\/2025\/05\/IMG_20250527_152500-1-1152x1536.jpg 1152w, https:\/\/art99.org\/wp-content\/uploads\/2025\/05\/IMG_20250527_152500-1-1536x2048.jpg 1536w, https:\/\/art99.org\/wp-content\/uploads\/2025\/05\/IMG_20250527_152500-1-scaled.jpg 1920w\" sizes=\"(max-width: 768px) 100vw, 768px\" \/>\t\t\t\t\t\t\t\t\t\t\t\t\t\t\t<\/div>\n\t\t\t\t<\/div>\n\t\t\t\t\t<\/div>\n\t\t\t\t<\/div>\n\t\t<div class=\"elementor-element elementor-element-aa9130a e-flex e-con-boxed e-con e-parent\" data-id=\"aa9130a\" data-element_type=\"container\">\n\t\t\t\t\t<div class=\"e-con-inner\">\n\t\t\t\t<div class=\"elementor-element elementor-element-a1dced0 elementor-widget elementor-widget-video\" data-id=\"a1dced0\" data-element_type=\"widget\" data-settings=\"{&quot;video_type&quot;:&quot;hosted&quot;,&quot;controls&quot;:&quot;yes&quot;}\" data-widget_type=\"video.default\">\n\t\t\t\t<div class=\"elementor-widget-container\">\n\t\t\t\t\t\t\t<div class=\"e-hosted-video elementor-wrapper elementor-open-inline\">\n\t\t\t\t\t<video class=\"elementor-video\" src=\"https:\/\/art99.org\/wp-content\/uploads\/2025\/05\/VID_20250527_164634.mp4\" controls=\"\" preload=\"metadata\" controlsList=\"nodownload\"><\/video>\n\t\t\t\t<\/div>\n\t\t\t\t\t\t<\/div>\n\t\t\t\t<\/div>\n\t\t\t\t\t<\/div>\n\t\t\t\t<\/div>\n\t\t<div class=\"elementor-element elementor-element-b5c62c3 e-flex e-con-boxed e-con e-parent\" data-id=\"b5c62c3\" data-element_type=\"container\">\n\t\t\t\t\t<div class=\"e-con-inner\">\n\t\t\t\t<div class=\"elementor-element elementor-element-c50831d elementor-widget elementor-widget-video\" data-id=\"c50831d\" data-element_type=\"widget\" data-settings=\"{&quot;video_type&quot;:&quot;hosted&quot;,&quot;controls&quot;:&quot;yes&quot;}\" data-widget_type=\"video.default\">\n\t\t\t\t<div class=\"elementor-widget-container\">\n\t\t\t\t\t\t\t<div class=\"e-hosted-video elementor-wrapper elementor-open-inline\">\n\t\t\t\t\t<video class=\"elementor-video\" src=\"https:\/\/art99.org\/wp-content\/uploads\/2025\/05\/VID_20250528_130653-1.mp4\" controls=\"\" preload=\"metadata\" controlsList=\"nodownload\"><\/video>\n\t\t\t\t<\/div>\n\t\t\t\t\t\t<\/div>\n\t\t\t\t<\/div>\n\t\t\t\t\t<\/div>\n\t\t\t\t<\/div>\n\t\t<div class=\"elementor-element elementor-element-ccbb0c3 e-flex e-con-boxed e-con e-parent\" data-id=\"ccbb0c3\" data-element_type=\"container\">\n\t\t\t\t\t<div class=\"e-con-inner\">\n\t\t\t\t<div class=\"elementor-element elementor-element-d97b77c elementor-widget elementor-widget-video\" data-id=\"d97b77c\" data-element_type=\"widget\" data-settings=\"{&quot;video_type&quot;:&quot;hosted&quot;,&quot;controls&quot;:&quot;yes&quot;}\" data-widget_type=\"video.default\">\n\t\t\t\t<div class=\"elementor-widget-container\">\n\t\t\t\t\t\t\t<div class=\"e-hosted-video elementor-wrapper elementor-open-inline\">\n\t\t\t\t\t<video class=\"elementor-video\" src=\"https:\/\/art99.org\/wp-content\/uploads\/2025\/05\/VID_20250528_130653-1.mp4\" controls=\"\" preload=\"metadata\" controlsList=\"nodownload\"><\/video>\n\t\t\t\t<\/div>\n\t\t\t\t\t\t<\/div>\n\t\t\t\t<\/div>\n\t\t\t\t\t<\/div>\n\t\t\t\t<\/div>\n\t\t<div class=\"elementor-element elementor-element-d8012b6 e-flex e-con-boxed e-con e-parent\" data-id=\"d8012b6\" data-element_type=\"container\">\n\t\t\t\t\t<div class=\"e-con-inner\">\n\t\t\t\t<div class=\"elementor-element elementor-element-1f9808b elementor-widget elementor-widget-video\" data-id=\"1f9808b\" data-element_type=\"widget\" data-settings=\"{&quot;video_type&quot;:&quot;hosted&quot;,&quot;controls&quot;:&quot;yes&quot;}\" data-widget_type=\"video.default\">\n\t\t\t\t<div class=\"elementor-widget-container\">\n\t\t\t\t\t\t\t<div class=\"e-hosted-video elementor-wrapper elementor-open-inline\">\n\t\t\t\t\t<video class=\"elementor-video\" src=\"https:\/\/art99.org\/wp-content\/uploads\/2025\/05\/VID_20250528_132250-1.mp4\" controls=\"\" preload=\"metadata\" controlsList=\"nodownload\"><\/video>\n\t\t\t\t<\/div>\n\t\t\t\t\t\t<\/div>\n\t\t\t\t<\/div>\n\t\t\t\t\t<\/div>\n\t\t\t\t<\/div>\n\t\t<div class=\"elementor-element elementor-element-5d2c6bc e-flex e-con-boxed e-con e-parent\" data-id=\"5d2c6bc\" data-element_type=\"container\">\n\t\t\t\t\t<div class=\"e-con-inner\">\n\t\t\t\t<div class=\"elementor-element elementor-element-708a199 elementor-widget elementor-widget-image\" data-id=\"708a199\" data-element_type=\"widget\" data-widget_type=\"image.default\">\n\t\t\t\t<div class=\"elementor-widget-container\">\n\t\t\t\t\t\t\t\t\t\t\t\t\t\t\t<img decoding=\"async\" width=\"768\" height=\"1024\" src=\"https:\/\/art99.org\/wp-content\/uploads\/2025\/05\/IMG_20250528_132636-1-768x1024.jpg\" class=\"attachment-large size-large wp-image-2371\" alt=\"\" srcset=\"https:\/\/art99.org\/wp-content\/uploads\/2025\/05\/IMG_20250528_132636-1-768x1024.jpg 768w, https:\/\/art99.org\/wp-content\/uploads\/2025\/05\/IMG_20250528_132636-1-225x300.jpg 225w, https:\/\/art99.org\/wp-content\/uploads\/2025\/05\/IMG_20250528_132636-1-1152x1536.jpg 1152w, https:\/\/art99.org\/wp-content\/uploads\/2025\/05\/IMG_20250528_132636-1-1536x2048.jpg 1536w, https:\/\/art99.org\/wp-content\/uploads\/2025\/05\/IMG_20250528_132636-1-scaled.jpg 1920w\" sizes=\"(max-width: 768px) 100vw, 768px\" \/>\t\t\t\t\t\t\t\t\t\t\t\t\t\t\t<\/div>\n\t\t\t\t<\/div>\n\t\t\t\t\t<\/div>\n\t\t\t\t<\/div>\n\t\t<div class=\"elementor-element elementor-element-23c065b e-flex e-con-boxed e-con e-parent\" data-id=\"23c065b\" data-element_type=\"container\">\n\t\t\t\t\t<div class=\"e-con-inner\">\n\t\t\t\t<div class=\"elementor-element elementor-element-8949004 elementor-widget elementor-widget-image\" data-id=\"8949004\" data-element_type=\"widget\" data-widget_type=\"image.default\">\n\t\t\t\t<div class=\"elementor-widget-container\">\n\t\t\t\t\t\t\t\t\t\t\t\t\t\t\t<img decoding=\"async\" width=\"1024\" height=\"427\" src=\"https:\/\/art99.org\/wp-content\/uploads\/2025\/06\/entergebniss-1024x427-1.jpg\" class=\"attachment-large size-large wp-image-2407\" alt=\"\" srcset=\"https:\/\/art99.org\/wp-content\/uploads\/2025\/06\/entergebniss-1024x427-1.jpg 1024w, https:\/\/art99.org\/wp-content\/uploads\/2025\/06\/entergebniss-1024x427-1-300x125.jpg 300w, https:\/\/art99.org\/wp-content\/uploads\/2025\/06\/entergebniss-1024x427-1-768x320.jpg 768w\" sizes=\"(max-width: 1024px) 100vw, 1024px\" \/>\t\t\t\t\t\t\t\t\t\t\t\t\t\t\t<\/div>\n\t\t\t\t<\/div>\n\t\t\t\t\t<\/div>\n\t\t\t\t<\/div>\n\t\t<div class=\"elementor-element elementor-element-de86485 e-flex e-con-boxed e-con e-parent\" data-id=\"de86485\" data-element_type=\"container\">\n\t\t\t\t\t<div class=\"e-con-inner\">\n\t\t\t\t<div class=\"elementor-element elementor-element-d66c58e elementor-widget elementor-widget-text-editor\" data-id=\"d66c58e\" data-element_type=\"widget\" data-widget_type=\"text-editor.default\">\n\t\t\t\t<div class=\"elementor-widget-container\">\n\t\t\t\t\t\t\t\t\t<p>Hier pr\u00e4sentiere ich Ihnen das Resultat von etwa zehn Tagen intensiver Arbeit.<\/p><p>Ich w\u00fcnsche Ihnen eine angenehme Betrachtung<\/p>\t\t\t\t\t\t\t\t<\/div>\n\t\t\t\t<\/div>\n\t\t\t\t\t<\/div>\n\t\t\t\t<\/div>\n\t\t<div class=\"elementor-element elementor-element-beb8a12 e-flex e-con-boxed e-con e-parent\" data-id=\"beb8a12\" data-element_type=\"container\">\n\t\t\t\t\t<div class=\"e-con-inner\">\n\t\t\t\t<div class=\"elementor-element elementor-element-ca65295 elementor-widget elementor-widget-text-editor\" data-id=\"ca65295\" data-element_type=\"widget\" data-widget_type=\"text-editor.default\">\n\t\t\t\t<div class=\"elementor-widget-container\">\n\t\t\t\t\t\t\t\t\t<p>Am gestrigen Tage wurden s\u00e4mtliche metallischen Befestigungselemente vom h\u00f6lzernen Rahmen entfernt.<\/p><p>Die Leinwand wurde mit \u00e4u\u00dferster Sorgfalt aufgerollt und in einer gepolsterten Papprolle sicher verpackt.<\/p><p>Am heutigen Morgen wurde das Werk der Postbeh\u00f6rde \u00fcbergeben und somit auf seine Reise geschickt. <\/p><p>Nun hei\u00dft es, in Geduld zu verharren.<\/p>\t\t\t\t\t\t\t\t<\/div>\n\t\t\t\t<\/div>\n\t\t\t\t\t<\/div>\n\t\t\t\t<\/div>\n\t\t<div class=\"elementor-element elementor-element-c0bfcc2 e-flex e-con-boxed e-con e-parent\" data-id=\"c0bfcc2\" data-element_type=\"container\">\n\t\t\t\t\t<div class=\"e-con-inner\">\n\t\t\t\t<div class=\"elementor-element elementor-element-c1e37fc elementor-mobile-align-center elementor-align-center elementor-widget elementor-widget-button\" data-id=\"c1e37fc\" data-element_type=\"widget\" data-widget_type=\"button.default\">\n\t\t\t\t<div class=\"elementor-widget-container\">\n\t\t\t\t\t\t\t\t\t<div class=\"elementor-button-wrapper\">\n\t\t\t\t\t<a class=\"elementor-button elementor-button-link elementor-size-sm\" href=\"#\">\n\t\t\t\t\t\t<span class=\"elementor-button-content-wrapper\">\n\t\t\t\t\t\t\t\t\t<span class=\"elementor-button-text\">Zur\u00fcck zum Seitenanfang<\/span>\n\t\t\t\t\t<\/span>\n\t\t\t\t\t<\/a>\n\t\t\t\t<\/div>\n\t\t\t\t\t\t\t\t<\/div>\n\t\t\t\t<\/div>\n\t\t\t\t\t<\/div>\n\t\t\t\t<\/div>\n\t\t\t\t<\/div>\n\t\t","protected":false},"excerpt":{"rendered":"<p>Dies ist in der Tat ein Werk von betr\u00e4chtlichen Dimensionen Ich hatte die Ehre, einen Auftrag von einem gesch\u00e4tzten Paar aus Deutschland zu erhalten. Ihr Wunsch war es, eine majest\u00e4tische Welle und den Montana Roja aus El Medano auf Teneriffa im Hintergrund darzustellen https:\/\/art99.org\/wp-content\/uploads\/2025\/05\/VID_20250527_164634.mp4https:\/\/art99.org\/wp-content\/uploads\/2025\/05\/VID_20250528_130653-1.mp4https:\/\/art99.org\/wp-content\/uploads\/2025\/05\/VID_20250528_130653-1.mp4https:\/\/art99.org\/wp-content\/uploads\/2025\/05\/VID_20250528_132250-1.mp4 Hier pr\u00e4sentiere ich Ihnen das Resultat von etwa zehn Tagen intensiver [&hellip;]<\/p>\n","protected":false},"author":2,"featured_media":0,"parent":0,"menu_order":0,"comment_status":"closed","ping_status":"closed","template":"","meta":{"footnotes":""},"class_list":["post-2427","page","type-page","status-publish","hentry"],"_links":{"self":[{"href":"https:\/\/art99.org\/index.php?rest_route=\/wp\/v2\/pages\/2427","targetHints":{"allow":["GET"]}}],"collection":[{"href":"https:\/\/art99.org\/index.php?rest_route=\/wp\/v2\/pages"}],"about":[{"href":"https:\/\/art99.org\/index.php?rest_route=\/wp\/v2\/types\/page"}],"author":[{"embeddable":true,"href":"https:\/\/art99.org\/index.php?rest_route=\/wp\/v2\/users\/2"}],"replies":[{"embeddable":true,"href":"https:\/\/art99.org\/index.php?rest_route=%2Fwp%2Fv2%2Fcomments&post=2427"}],"version-history":[{"count":1,"href":"https:\/\/art99.org\/index.php?rest_route=\/wp\/v2\/pages\/2427\/revisions"}],"predecessor-version":[{"id":2428,"href":"https:\/\/art99.org\/index.php?rest_route=\/wp\/v2\/pages\/2427\/revisions\/2428"}],"wp:attachment":[{"href":"https:\/\/art99.org\/index.php?rest_route=%2Fwp%2Fv2%2Fmedia&parent=2427"}],"curies":[{"name":"wp","href":"https:\/\/api.w.org\/{rel}","templated":true}]}}