{"id":2430,"date":"2025-05-10T11:54:56","date_gmt":"2025-05-10T11:54:56","guid":{"rendered":"https:\/\/art99.org\/?page_id=2430"},"modified":"2025-06-14T20:36:26","modified_gmt":"2025-06-14T20:36:26","slug":"taetowierung","status":"publish","type":"page","link":"https:\/\/art99.org\/?page_id=2430&lang=de","title":{"rendered":"T\u00e4towierung"},"content":{"rendered":"\t\t<div data-elementor-type=\"wp-post\" data-elementor-id=\"2430\" class=\"elementor elementor-2430 elementor-779\" data-elementor-post-type=\"page\">\n\t\t\t\t<div class=\"elementor-element elementor-element-0868d02 e-flex e-con-boxed e-con e-parent\" data-id=\"0868d02\" data-element_type=\"container\">\n\t\t\t\t\t<div class=\"e-con-inner\">\n\t\t\t\t<div class=\"elementor-element elementor-element-cb6ac4a elementor-widget elementor-widget-text-editor\" data-id=\"cb6ac4a\" data-element_type=\"widget\" data-widget_type=\"text-editor.default\">\n\t\t\t\t<div class=\"elementor-widget-container\">\n\t\t\t\t\t\t\t\t\t<p>Ich bin ein professioneller<\/p><p>T\u00e4towierer seit 1995.<\/p><p>In Hamburg auf der Reeperbahn<\/p><p>habe ich seinerzeit diese<\/p><p>K\u00f6rperkunst erlernt<\/p>\t\t\t\t\t\t\t\t<\/div>\n\t\t\t\t<\/div>\n\t\t\t\t\t<\/div>\n\t\t\t\t<\/div>\n\t\t<div class=\"elementor-element elementor-element-2ed3433 e-flex e-con-boxed e-con e-parent\" data-id=\"2ed3433\" data-element_type=\"container\">\n\t\t\t\t\t<div class=\"e-con-inner\">\n\t\t\t\t<div class=\"elementor-element elementor-element-15eb5fd elementor-widget elementor-widget-gallery\" data-id=\"15eb5fd\" data-element_type=\"widget\" data-settings=\"{&quot;gallery_layout&quot;:&quot;masonry&quot;,&quot;lazyload&quot;:&quot;yes&quot;,&quot;columns&quot;:4,&quot;columns_tablet&quot;:2,&quot;columns_mobile&quot;:1,&quot;gap&quot;:{&quot;unit&quot;:&quot;px&quot;,&quot;size&quot;:10,&quot;sizes&quot;:[]},&quot;gap_tablet&quot;:{&quot;unit&quot;:&quot;px&quot;,&quot;size&quot;:10,&quot;sizes&quot;:[]},&quot;gap_mobile&quot;:{&quot;unit&quot;:&quot;px&quot;,&quot;size&quot;:10,&quot;sizes&quot;:[]},&quot;link_to&quot;:&quot;file&quot;,&quot;overlay_background&quot;:&quot;yes&quot;,&quot;content_hover_animation&quot;:&quot;fade-in&quot;}\" data-widget_type=\"gallery.default\">\n\t\t\t\t<div class=\"elementor-widget-container\">\n\t\t\t\t\t\t\t<div class=\"elementor-gallery__container\">\n\t\t\t\t\t\t\t<a class=\"e-gallery-item elementor-gallery-item elementor-animated-content\" href=\"https:\/\/art99.org\/wp-content\/uploads\/2025\/05\/simon-scaled.jpg\" data-elementor-open-lightbox=\"yes\" data-elementor-lightbox-slideshow=\"15eb5fd\" data-elementor-lightbox-title=\"simon\" data-e-action-hash=\"#elementor-action%3Aaction%3Dlightbox%26settings%3DeyJpZCI6NzExLCJ1cmwiOiJodHRwczpcL1wvYXJ0OTkub3JnXC93cC1jb250ZW50XC91cGxvYWRzXC8yMDI1XC8wNVwvc2ltb24tc2NhbGVkLmpwZyIsInNsaWRlc2hvdyI6IjE1ZWI1ZmQifQ%3D%3D\">\n\t\t\t\t\t<div class=\"e-gallery-image elementor-gallery-item__image\" data-thumbnail=\"https:\/\/art99.org\/wp-content\/uploads\/2025\/05\/simon-300x200.jpg\" data-width=\"300\" data-height=\"200\" aria-label=\"\" role=\"img\" ><\/div>\n\t\t\t\t\t\t\t\t\t\t\t<div class=\"elementor-gallery-item__overlay\"><\/div>\n\t\t\t\t\t\t\t\t\t\t\t\t\t\t<\/a>\n\t\t\t\t\t\t\t<a class=\"e-gallery-item elementor-gallery-item elementor-animated-content\" href=\"https:\/\/art99.org\/wp-content\/uploads\/2025\/05\/baby2-scaled.jpg\" data-elementor-open-lightbox=\"yes\" data-elementor-lightbox-slideshow=\"15eb5fd\" data-elementor-lightbox-title=\"baby2\" data-e-action-hash=\"#elementor-action%3Aaction%3Dlightbox%26settings%3DeyJpZCI6NzIxLCJ1cmwiOiJodHRwczpcL1wvYXJ0OTkub3JnXC93cC1jb250ZW50XC91cGxvYWRzXC8yMDI1XC8wNVwvYmFieTItc2NhbGVkLmpwZyIsInNsaWRlc2hvdyI6IjE1ZWI1ZmQifQ%3D%3D\">\n\t\t\t\t\t<div class=\"e-gallery-image elementor-gallery-item__image\" data-thumbnail=\"https:\/\/art99.org\/wp-content\/uploads\/2025\/05\/baby2-300x200.jpg\" data-width=\"300\" data-height=\"200\" aria-label=\"\" role=\"img\" ><\/div>\n\t\t\t\t\t\t\t\t\t\t\t<div class=\"elementor-gallery-item__overlay\"><\/div>\n\t\t\t\t\t\t\t\t\t\t\t\t\t\t<\/a>\n\t\t\t\t\t\t\t<a class=\"e-gallery-item elementor-gallery-item elementor-animated-content\" href=\"https:\/\/art99.org\/wp-content\/uploads\/2025\/05\/mo-scaled.jpg\" data-elementor-open-lightbox=\"yes\" data-elementor-lightbox-slideshow=\"15eb5fd\" data-elementor-lightbox-title=\"mo\" data-e-action-hash=\"#elementor-action%3Aaction%3Dlightbox%26settings%3DeyJpZCI6NzMxLCJ1cmwiOiJodHRwczpcL1wvYXJ0OTkub3JnXC93cC1jb250ZW50XC91cGxvYWRzXC8yMDI1XC8wNVwvbW8tc2NhbGVkLmpwZyIsInNsaWRlc2hvdyI6IjE1ZWI1ZmQifQ%3D%3D\">\n\t\t\t\t\t<div class=\"e-gallery-image elementor-gallery-item__image\" data-thumbnail=\"https:\/\/art99.org\/wp-content\/uploads\/2025\/05\/mo-300x261.jpg\" data-width=\"300\" data-height=\"261\" aria-label=\"\" role=\"img\" ><\/div>\n\t\t\t\t\t\t\t\t\t\t\t<div class=\"elementor-gallery-item__overlay\"><\/div>\n\t\t\t\t\t\t\t\t\t\t\t\t\t\t<\/a>\n\t\t\t\t\t\t\t<a class=\"e-gallery-item elementor-gallery-item elementor-animated-content\" href=\"https:\/\/art99.org\/wp-content\/uploads\/2025\/05\/slider.kai_-scaled.jpg\" data-elementor-open-lightbox=\"yes\" data-elementor-lightbox-slideshow=\"15eb5fd\" data-elementor-lightbox-title=\"slider.kai\" data-e-action-hash=\"#elementor-action%3Aaction%3Dlightbox%26settings%3DeyJpZCI6NzEyLCJ1cmwiOiJodHRwczpcL1wvYXJ0OTkub3JnXC93cC1jb250ZW50XC91cGxvYWRzXC8yMDI1XC8wNVwvc2xpZGVyLmthaV8tc2NhbGVkLmpwZyIsInNsaWRlc2hvdyI6IjE1ZWI1ZmQifQ%3D%3D\">\n\t\t\t\t\t<div class=\"e-gallery-image elementor-gallery-item__image\" data-thumbnail=\"https:\/\/art99.org\/wp-content\/uploads\/2025\/05\/slider.kai_-300x126.jpg\" data-width=\"300\" data-height=\"126\" aria-label=\"\" role=\"img\" ><\/div>\n\t\t\t\t\t\t\t\t\t\t\t<div class=\"elementor-gallery-item__overlay\"><\/div>\n\t\t\t\t\t\t\t\t\t\t\t\t\t\t<\/a>\n\t\t\t\t\t\t\t<a class=\"e-gallery-item elementor-gallery-item elementor-animated-content\" href=\"https:\/\/art99.org\/wp-content\/uploads\/2025\/05\/campino-Kopie-2-scaled.jpg\" data-elementor-open-lightbox=\"yes\" data-elementor-lightbox-slideshow=\"15eb5fd\" data-elementor-lightbox-title=\"campino Kopie 2\" data-e-action-hash=\"#elementor-action%3Aaction%3Dlightbox%26settings%3DeyJpZCI6NzIyLCJ1cmwiOiJodHRwczpcL1wvYXJ0OTkub3JnXC93cC1jb250ZW50XC91cGxvYWRzXC8yMDI1XC8wNVwvY2FtcGluby1Lb3BpZS0yLXNjYWxlZC5qcGciLCJzbGlkZXNob3ciOiIxNWViNWZkIn0%3D\">\n\t\t\t\t\t<div class=\"e-gallery-image elementor-gallery-item__image\" data-thumbnail=\"https:\/\/art99.org\/wp-content\/uploads\/2025\/05\/campino-Kopie-2-200x300.jpg\" data-width=\"200\" data-height=\"300\" aria-label=\"\" role=\"img\" ><\/div>\n\t\t\t\t\t\t\t\t\t\t\t<div class=\"elementor-gallery-item__overlay\"><\/div>\n\t\t\t\t\t\t\t\t\t\t\t\t\t\t<\/a>\n\t\t\t\t\t\t\t<a class=\"e-gallery-item elementor-gallery-item elementor-animated-content\" href=\"https:\/\/art99.org\/wp-content\/uploads\/2025\/05\/IMG_2022-scaled.jpg\" data-elementor-open-lightbox=\"yes\" data-elementor-lightbox-slideshow=\"15eb5fd\" data-elementor-lightbox-title=\"IMG_2022\" data-e-action-hash=\"#elementor-action%3Aaction%3Dlightbox%26settings%3DeyJpZCI6NzI4LCJ1cmwiOiJodHRwczpcL1wvYXJ0OTkub3JnXC93cC1jb250ZW50XC91cGxvYWRzXC8yMDI1XC8wNVwvSU1HXzIwMjItc2NhbGVkLmpwZyIsInNsaWRlc2hvdyI6IjE1ZWI1ZmQifQ%3D%3D\">\n\t\t\t\t\t<div class=\"e-gallery-image elementor-gallery-item__image\" data-thumbnail=\"https:\/\/art99.org\/wp-content\/uploads\/2025\/05\/IMG_2022-200x300.jpg\" data-width=\"200\" data-height=\"300\" aria-label=\"\" role=\"img\" ><\/div>\n\t\t\t\t\t\t\t\t\t\t\t<div class=\"elementor-gallery-item__overlay\"><\/div>\n\t\t\t\t\t\t\t\t\t\t\t\t\t\t<\/a>\n\t\t\t\t\t\t\t<a class=\"e-gallery-item elementor-gallery-item elementor-animated-content\" href=\"https:\/\/art99.org\/wp-content\/uploads\/2025\/05\/sabine-scaled.jpg\" data-elementor-open-lightbox=\"yes\" data-elementor-lightbox-slideshow=\"15eb5fd\" data-elementor-lightbox-title=\"sabine\" data-e-action-hash=\"#elementor-action%3Aaction%3Dlightbox%26settings%3DeyJpZCI6NzEwLCJ1cmwiOiJodHRwczpcL1wvYXJ0OTkub3JnXC93cC1jb250ZW50XC91cGxvYWRzXC8yMDI1XC8wNVwvc2FiaW5lLXNjYWxlZC5qcGciLCJzbGlkZXNob3ciOiIxNWViNWZkIn0%3D\">\n\t\t\t\t\t<div class=\"e-gallery-image elementor-gallery-item__image\" data-thumbnail=\"https:\/\/art99.org\/wp-content\/uploads\/2025\/05\/sabine-300x200.jpg\" data-width=\"300\" data-height=\"200\" aria-label=\"\" role=\"img\" ><\/div>\n\t\t\t\t\t\t\t\t\t\t\t<div class=\"elementor-gallery-item__overlay\"><\/div>\n\t\t\t\t\t\t\t\t\t\t\t\t\t\t<\/a>\n\t\t\t\t\t\t\t<a class=\"e-gallery-item elementor-gallery-item elementor-animated-content\" href=\"https:\/\/art99.org\/wp-content\/uploads\/2025\/05\/rene-scaled.jpg\" data-elementor-open-lightbox=\"yes\" data-elementor-lightbox-slideshow=\"15eb5fd\" data-elementor-lightbox-title=\"re\u00f1e\" data-e-action-hash=\"#elementor-action%3Aaction%3Dlightbox%26settings%3DeyJpZCI6NzMyLCJ1cmwiOiJodHRwczpcL1wvYXJ0OTkub3JnXC93cC1jb250ZW50XC91cGxvYWRzXC8yMDI1XC8wNVwvcmVuZS1zY2FsZWQuanBnIiwic2xpZGVzaG93IjoiMTVlYjVmZCJ9\">\n\t\t\t\t\t<div class=\"e-gallery-image elementor-gallery-item__image\" data-thumbnail=\"https:\/\/art99.org\/wp-content\/uploads\/2025\/05\/rene-300x212.jpg\" data-width=\"300\" data-height=\"212\" aria-label=\"\" role=\"img\" ><\/div>\n\t\t\t\t\t\t\t\t\t\t\t<div class=\"elementor-gallery-item__overlay\"><\/div>\n\t\t\t\t\t\t\t\t\t\t\t\t\t\t<\/a>\n\t\t\t\t\t\t\t<a class=\"e-gallery-item elementor-gallery-item elementor-animated-content\" href=\"https:\/\/art99.org\/wp-content\/uploads\/2025\/05\/marlene-scaled.jpg\" data-elementor-open-lightbox=\"yes\" data-elementor-lightbox-slideshow=\"15eb5fd\" data-elementor-lightbox-title=\"marlene\" data-e-action-hash=\"#elementor-action%3Aaction%3Dlightbox%26settings%3DeyJpZCI6NzI5LCJ1cmwiOiJodHRwczpcL1wvYXJ0OTkub3JnXC93cC1jb250ZW50XC91cGxvYWRzXC8yMDI1XC8wNVwvbWFybGVuZS1zY2FsZWQuanBnIiwic2xpZGVzaG93IjoiMTVlYjVmZCJ9\">\n\t\t\t\t\t<div class=\"e-gallery-image elementor-gallery-item__image\" data-thumbnail=\"https:\/\/art99.org\/wp-content\/uploads\/2025\/05\/marlene-300x200.jpg\" data-width=\"300\" data-height=\"200\" aria-label=\"\" role=\"img\" ><\/div>\n\t\t\t\t\t\t\t\t\t\t\t<div class=\"elementor-gallery-item__overlay\"><\/div>\n\t\t\t\t\t\t\t\t\t\t\t\t\t\t<\/a>\n\t\t\t\t\t\t\t<a class=\"e-gallery-item elementor-gallery-item elementor-animated-content\" href=\"https:\/\/art99.org\/wp-content\/uploads\/2025\/05\/tobias.jpg\" data-elementor-open-lightbox=\"yes\" data-elementor-lightbox-slideshow=\"15eb5fd\" data-elementor-lightbox-title=\"tobias\" data-e-action-hash=\"#elementor-action%3Aaction%3Dlightbox%26settings%3DeyJpZCI6NzE0LCJ1cmwiOiJodHRwczpcL1wvYXJ0OTkub3JnXC93cC1jb250ZW50XC91cGxvYWRzXC8yMDI1XC8wNVwvdG9iaWFzLmpwZyIsInNsaWRlc2hvdyI6IjE1ZWI1ZmQifQ%3D%3D\">\n\t\t\t\t\t<div class=\"e-gallery-image elementor-gallery-item__image\" data-thumbnail=\"https:\/\/art99.org\/wp-content\/uploads\/2025\/05\/tobias-236x300.jpg\" data-width=\"236\" data-height=\"300\" aria-label=\"\" role=\"img\" ><\/div>\n\t\t\t\t\t\t\t\t\t\t\t<div class=\"elementor-gallery-item__overlay\"><\/div>\n\t\t\t\t\t\t\t\t\t\t\t\t\t\t<\/a>\n\t\t\t\t\t\t\t<a class=\"e-gallery-item elementor-gallery-item elementor-animated-content\" href=\"https:\/\/art99.org\/wp-content\/uploads\/2025\/05\/martina-Kopie-scaled.jpg\" data-elementor-open-lightbox=\"yes\" data-elementor-lightbox-slideshow=\"15eb5fd\" data-elementor-lightbox-title=\"martina Kopie\" data-e-action-hash=\"#elementor-action%3Aaction%3Dlightbox%26settings%3DeyJpZCI6NzMwLCJ1cmwiOiJodHRwczpcL1wvYXJ0OTkub3JnXC93cC1jb250ZW50XC91cGxvYWRzXC8yMDI1XC8wNVwvbWFydGluYS1Lb3BpZS1zY2FsZWQuanBnIiwic2xpZGVzaG93IjoiMTVlYjVmZCJ9\">\n\t\t\t\t\t<div class=\"e-gallery-image elementor-gallery-item__image\" data-thumbnail=\"https:\/\/art99.org\/wp-content\/uploads\/2025\/05\/martina-Kopie-300x200.jpg\" data-width=\"300\" data-height=\"200\" aria-label=\"\" role=\"img\" ><\/div>\n\t\t\t\t\t\t\t\t\t\t\t<div class=\"elementor-gallery-item__overlay\"><\/div>\n\t\t\t\t\t\t\t\t\t\t\t\t\t\t<\/a>\n\t\t\t\t\t\t\t<a class=\"e-gallery-item elementor-gallery-item elementor-animated-content\" href=\"https:\/\/art99.org\/wp-content\/uploads\/2025\/05\/holger-scaled.jpg\" data-elementor-open-lightbox=\"yes\" data-elementor-lightbox-slideshow=\"15eb5fd\" data-elementor-lightbox-title=\"holger\" data-e-action-hash=\"#elementor-action%3Aaction%3Dlightbox%26settings%3DeyJpZCI6NzI3LCJ1cmwiOiJodHRwczpcL1wvYXJ0OTkub3JnXC93cC1jb250ZW50XC91cGxvYWRzXC8yMDI1XC8wNVwvaG9sZ2VyLXNjYWxlZC5qcGciLCJzbGlkZXNob3ciOiIxNWViNWZkIn0%3D\">\n\t\t\t\t\t<div class=\"e-gallery-image elementor-gallery-item__image\" data-thumbnail=\"https:\/\/art99.org\/wp-content\/uploads\/2025\/05\/holger-300x287.jpg\" data-width=\"300\" data-height=\"287\" aria-label=\"\" role=\"img\" ><\/div>\n\t\t\t\t\t\t\t\t\t\t\t<div class=\"elementor-gallery-item__overlay\"><\/div>\n\t\t\t\t\t\t\t\t\t\t\t\t\t\t<\/a>\n\t\t\t\t\t\t\t<a class=\"e-gallery-item elementor-gallery-item elementor-animated-content\" href=\"https:\/\/art99.org\/wp-content\/uploads\/2025\/05\/charlyn-scaled.jpg\" data-elementor-open-lightbox=\"yes\" data-elementor-lightbox-slideshow=\"15eb5fd\" data-elementor-lightbox-title=\"charlyn\" data-e-action-hash=\"#elementor-action%3Aaction%3Dlightbox%26settings%3DeyJpZCI6NzIzLCJ1cmwiOiJodHRwczpcL1wvYXJ0OTkub3JnXC93cC1jb250ZW50XC91cGxvYWRzXC8yMDI1XC8wNVwvY2hhcmx5bi1zY2FsZWQuanBnIiwic2xpZGVzaG93IjoiMTVlYjVmZCJ9\">\n\t\t\t\t\t<div class=\"e-gallery-image elementor-gallery-item__image\" data-thumbnail=\"https:\/\/art99.org\/wp-content\/uploads\/2025\/05\/charlyn-300x200.jpg\" data-width=\"300\" data-height=\"200\" aria-label=\"\" role=\"img\" ><\/div>\n\t\t\t\t\t\t\t\t\t\t\t<div class=\"elementor-gallery-item__overlay\"><\/div>\n\t\t\t\t\t\t\t\t\t\t\t\t\t\t<\/a>\n\t\t\t\t\t\t\t<a class=\"e-gallery-item elementor-gallery-item elementor-animated-content\" href=\"https:\/\/art99.org\/wp-content\/uploads\/2025\/05\/antje-scaled.jpg\" data-elementor-open-lightbox=\"yes\" data-elementor-lightbox-slideshow=\"15eb5fd\" data-elementor-lightbox-title=\"antje\" data-e-action-hash=\"#elementor-action%3Aaction%3Dlightbox%26settings%3DeyJpZCI6NzE5LCJ1cmwiOiJodHRwczpcL1wvYXJ0OTkub3JnXC93cC1jb250ZW50XC91cGxvYWRzXC8yMDI1XC8wNVwvYW50amUtc2NhbGVkLmpwZyIsInNsaWRlc2hvdyI6IjE1ZWI1ZmQifQ%3D%3D\">\n\t\t\t\t\t<div class=\"e-gallery-image elementor-gallery-item__image\" data-thumbnail=\"https:\/\/art99.org\/wp-content\/uploads\/2025\/05\/antje-222x300.jpg\" data-width=\"222\" data-height=\"300\" aria-label=\"\" role=\"img\" ><\/div>\n\t\t\t\t\t\t\t\t\t\t\t<div class=\"elementor-gallery-item__overlay\"><\/div>\n\t\t\t\t\t\t\t\t\t\t\t\t\t\t<\/a>\n\t\t\t\t\t\t\t<a class=\"e-gallery-item elementor-gallery-item elementor-animated-content\" href=\"https:\/\/art99.org\/wp-content\/uploads\/2025\/05\/alexander.jpg\" data-elementor-open-lightbox=\"yes\" data-elementor-lightbox-slideshow=\"15eb5fd\" data-elementor-lightbox-title=\"alexander\" data-e-action-hash=\"#elementor-action%3Aaction%3Dlightbox%26settings%3DeyJpZCI6NzE3LCJ1cmwiOiJodHRwczpcL1wvYXJ0OTkub3JnXC93cC1jb250ZW50XC91cGxvYWRzXC8yMDI1XC8wNVwvYWxleGFuZGVyLmpwZyIsInNsaWRlc2hvdyI6IjE1ZWI1ZmQifQ%3D%3D\">\n\t\t\t\t\t<div class=\"e-gallery-image elementor-gallery-item__image\" data-thumbnail=\"https:\/\/art99.org\/wp-content\/uploads\/2025\/05\/alexander-210x300.jpg\" data-width=\"210\" data-height=\"300\" aria-label=\"\" role=\"img\" ><\/div>\n\t\t\t\t\t\t\t\t\t\t\t<div class=\"elementor-gallery-item__overlay\"><\/div>\n\t\t\t\t\t\t\t\t\t\t\t\t\t\t<\/a>\n\t\t\t\t\t\t\t<a class=\"e-gallery-item elementor-gallery-item elementor-animated-content\" href=\"https:\/\/art99.org\/wp-content\/uploads\/2025\/05\/agertfertig-scaled.jpg\" data-elementor-open-lightbox=\"yes\" data-elementor-lightbox-slideshow=\"15eb5fd\" data-elementor-lightbox-title=\"agertfertig\" data-e-action-hash=\"#elementor-action%3Aaction%3Dlightbox%26settings%3DeyJpZCI6NzE2LCJ1cmwiOiJodHRwczpcL1wvYXJ0OTkub3JnXC93cC1jb250ZW50XC91cGxvYWRzXC8yMDI1XC8wNVwvYWdlcnRmZXJ0aWctc2NhbGVkLmpwZyIsInNsaWRlc2hvdyI6IjE1ZWI1ZmQifQ%3D%3D\">\n\t\t\t\t\t<div class=\"e-gallery-image elementor-gallery-item__image\" data-thumbnail=\"https:\/\/art99.org\/wp-content\/uploads\/2025\/05\/agertfertig-247x300.jpg\" data-width=\"247\" data-height=\"300\" aria-label=\"\" role=\"img\" ><\/div>\n\t\t\t\t\t\t\t\t\t\t\t<div class=\"elementor-gallery-item__overlay\"><\/div>\n\t\t\t\t\t\t\t\t\t\t\t\t\t\t<\/a>\n\t\t\t\t\t\t\t<a class=\"e-gallery-item elementor-gallery-item elementor-animated-content\" href=\"https:\/\/art99.org\/wp-content\/uploads\/2025\/05\/christopcashh.jpg\" data-elementor-open-lightbox=\"yes\" data-elementor-lightbox-slideshow=\"15eb5fd\" data-elementor-lightbox-title=\"christopcashh\" data-e-action-hash=\"#elementor-action%3Aaction%3Dlightbox%26settings%3DeyJpZCI6NzI0LCJ1cmwiOiJodHRwczpcL1wvYXJ0OTkub3JnXC93cC1jb250ZW50XC91cGxvYWRzXC8yMDI1XC8wNVwvY2hyaXN0b3BjYXNoaC5qcGciLCJzbGlkZXNob3ciOiIxNWViNWZkIn0%3D\">\n\t\t\t\t\t<div class=\"e-gallery-image elementor-gallery-item__image\" data-thumbnail=\"https:\/\/art99.org\/wp-content\/uploads\/2025\/05\/christopcashh-205x300.jpg\" data-width=\"205\" data-height=\"300\" aria-label=\"\" role=\"img\" ><\/div>\n\t\t\t\t\t\t\t\t\t\t\t<div class=\"elementor-gallery-item__overlay\"><\/div>\n\t\t\t\t\t\t\t\t\t\t\t\t\t\t<\/a>\n\t\t\t\t\t\t\t<a class=\"e-gallery-item elementor-gallery-item elementor-animated-content\" href=\"https:\/\/art99.org\/wp-content\/uploads\/2025\/05\/christophbest-scaled.jpg\" data-elementor-open-lightbox=\"yes\" data-elementor-lightbox-slideshow=\"15eb5fd\" data-elementor-lightbox-title=\"christophbest\" data-e-action-hash=\"#elementor-action%3Aaction%3Dlightbox%26settings%3DeyJpZCI6NzI1LCJ1cmwiOiJodHRwczpcL1wvYXJ0OTkub3JnXC93cC1jb250ZW50XC91cGxvYWRzXC8yMDI1XC8wNVwvY2hyaXN0b3BoYmVzdC1zY2FsZWQuanBnIiwic2xpZGVzaG93IjoiMTVlYjVmZCJ9\">\n\t\t\t\t\t<div class=\"e-gallery-image elementor-gallery-item__image\" data-thumbnail=\"https:\/\/art99.org\/wp-content\/uploads\/2025\/05\/christophbest-300x200.jpg\" data-width=\"300\" data-height=\"200\" aria-label=\"\" role=\"img\" ><\/div>\n\t\t\t\t\t\t\t\t\t\t\t<div class=\"elementor-gallery-item__overlay\"><\/div>\n\t\t\t\t\t\t\t\t\t\t\t\t\t\t<\/a>\n\t\t\t\t\t\t\t<a class=\"e-gallery-item elementor-gallery-item elementor-animated-content\" href=\"https:\/\/art99.org\/wp-content\/uploads\/2025\/05\/10418150_678249415578697_7661133716992982552_n.jpg\" data-elementor-open-lightbox=\"yes\" data-elementor-lightbox-slideshow=\"15eb5fd\" data-elementor-lightbox-title=\"10418150_678249415578697_7661133716992982552_n\" data-e-action-hash=\"#elementor-action%3Aaction%3Dlightbox%26settings%3DeyJpZCI6NzE1LCJ1cmwiOiJodHRwczpcL1wvYXJ0OTkub3JnXC93cC1jb250ZW50XC91cGxvYWRzXC8yMDI1XC8wNVwvMTA0MTgxNTBfNjc4MjQ5NDE1NTc4Njk3Xzc2NjExMzM3MTY5OTI5ODI1NTJfbi5qcGciLCJzbGlkZXNob3ciOiIxNWViNWZkIn0%3D\">\n\t\t\t\t\t<div class=\"e-gallery-image elementor-gallery-item__image\" data-thumbnail=\"https:\/\/art99.org\/wp-content\/uploads\/2025\/05\/10418150_678249415578697_7661133716992982552_n-271x300.jpg\" data-width=\"271\" data-height=\"300\" aria-label=\"\" role=\"img\" ><\/div>\n\t\t\t\t\t\t\t\t\t\t\t<div class=\"elementor-gallery-item__overlay\"><\/div>\n\t\t\t\t\t\t\t\t\t\t\t\t\t\t<\/a>\n\t\t\t\t\t\t\t<a class=\"e-gallery-item elementor-gallery-item elementor-animated-content\" href=\"https:\/\/art99.org\/wp-content\/uploads\/2025\/05\/holger-best-scaled.jpg\" data-elementor-open-lightbox=\"yes\" data-elementor-lightbox-slideshow=\"15eb5fd\" data-elementor-lightbox-title=\"holger best\" data-e-action-hash=\"#elementor-action%3Aaction%3Dlightbox%26settings%3DeyJpZCI6NzI2LCJ1cmwiOiJodHRwczpcL1wvYXJ0OTkub3JnXC93cC1jb250ZW50XC91cGxvYWRzXC8yMDI1XC8wNVwvaG9sZ2VyLWJlc3Qtc2NhbGVkLmpwZyIsInNsaWRlc2hvdyI6IjE1ZWI1ZmQifQ%3D%3D\">\n\t\t\t\t\t<div class=\"e-gallery-image elementor-gallery-item__image\" data-thumbnail=\"https:\/\/art99.org\/wp-content\/uploads\/2025\/05\/holger-best-184x300.jpg\" data-width=\"184\" data-height=\"300\" aria-label=\"\" role=\"img\" ><\/div>\n\t\t\t\t\t\t\t\t\t\t\t<div class=\"elementor-gallery-item__overlay\"><\/div>\n\t\t\t\t\t\t\t\t\t\t\t\t\t\t<\/a>\n\t\t\t\t\t\t\t<a class=\"e-gallery-item elementor-gallery-item elementor-animated-content\" href=\"https:\/\/art99.org\/wp-content\/uploads\/2025\/05\/arthur3.jpg\" data-elementor-open-lightbox=\"yes\" data-elementor-lightbox-slideshow=\"15eb5fd\" data-elementor-lightbox-title=\"arthur3\" data-e-action-hash=\"#elementor-action%3Aaction%3Dlightbox%26settings%3DeyJpZCI6NzIwLCJ1cmwiOiJodHRwczpcL1wvYXJ0OTkub3JnXC93cC1jb250ZW50XC91cGxvYWRzXC8yMDI1XC8wNVwvYXJ0aHVyMy5qcGciLCJzbGlkZXNob3ciOiIxNWViNWZkIn0%3D\">\n\t\t\t\t\t<div class=\"e-gallery-image elementor-gallery-item__image\" data-thumbnail=\"https:\/\/art99.org\/wp-content\/uploads\/2025\/05\/arthur3-161x300.jpg\" data-width=\"161\" data-height=\"300\" aria-label=\"\" role=\"img\" ><\/div>\n\t\t\t\t\t\t\t\t\t\t\t<div class=\"elementor-gallery-item__overlay\"><\/div>\n\t\t\t\t\t\t\t\t\t\t\t\t\t\t<\/a>\n\t\t\t\t\t\t\t<a class=\"e-gallery-item elementor-gallery-item elementor-animated-content\" href=\"https:\/\/art99.org\/wp-content\/uploads\/2025\/05\/alke-scaled.jpg\" data-elementor-open-lightbox=\"yes\" data-elementor-lightbox-slideshow=\"15eb5fd\" data-elementor-lightbox-title=\"alke\" data-e-action-hash=\"#elementor-action%3Aaction%3Dlightbox%26settings%3DeyJpZCI6NzE4LCJ1cmwiOiJodHRwczpcL1wvYXJ0OTkub3JnXC93cC1jb250ZW50XC91cGxvYWRzXC8yMDI1XC8wNVwvYWxrZS1zY2FsZWQuanBnIiwic2xpZGVzaG93IjoiMTVlYjVmZCJ9\">\n\t\t\t\t\t<div class=\"e-gallery-image elementor-gallery-item__image\" data-thumbnail=\"https:\/\/art99.org\/wp-content\/uploads\/2025\/05\/alke-300x212.jpg\" data-width=\"300\" data-height=\"212\" aria-label=\"\" role=\"img\" ><\/div>\n\t\t\t\t\t\t\t\t\t\t\t<div class=\"elementor-gallery-item__overlay\"><\/div>\n\t\t\t\t\t\t\t\t\t\t\t\t\t\t<\/a>\n\t\t\t\t\t\t\t<a class=\"e-gallery-item elementor-gallery-item elementor-animated-content\" href=\"https:\/\/art99.org\/wp-content\/uploads\/2025\/05\/thomas-scaled.jpg\" data-elementor-open-lightbox=\"yes\" data-elementor-lightbox-slideshow=\"15eb5fd\" data-elementor-lightbox-title=\"thomas\" data-e-action-hash=\"#elementor-action%3Aaction%3Dlightbox%26settings%3DeyJpZCI6NzEzLCJ1cmwiOiJodHRwczpcL1wvYXJ0OTkub3JnXC93cC1jb250ZW50XC91cGxvYWRzXC8yMDI1XC8wNVwvdGhvbWFzLXNjYWxlZC5qcGciLCJzbGlkZXNob3ciOiIxNWViNWZkIn0%3D\">\n\t\t\t\t\t<div class=\"e-gallery-image elementor-gallery-item__image\" data-thumbnail=\"https:\/\/art99.org\/wp-content\/uploads\/2025\/05\/thomas-300x200.jpg\" data-width=\"300\" data-height=\"200\" aria-label=\"\" role=\"img\" ><\/div>\n\t\t\t\t\t\t\t\t\t\t\t<div class=\"elementor-gallery-item__overlay\"><\/div>\n\t\t\t\t\t\t\t\t\t\t\t\t\t\t<\/a>\n\t\t\t\t\t<\/div>\n\t\t\t\t\t<\/div>\n\t\t\t\t<\/div>\n\t\t\t\t\t<\/div>\n\t\t\t\t<\/div>\n\t\t<div class=\"elementor-element elementor-element-09d5aed e-flex e-con-boxed e-con e-parent\" data-id=\"09d5aed\" data-element_type=\"container\">\n\t\t\t\t\t<div class=\"e-con-inner\">\n\t\t\t\t<div class=\"elementor-element elementor-element-9733663 elementor-align-center elementor-widget elementor-widget-button\" data-id=\"9733663\" data-element_type=\"widget\" data-widget_type=\"button.default\">\n\t\t\t\t<div class=\"elementor-widget-container\">\n\t\t\t\t\t\t\t\t\t<div class=\"elementor-button-wrapper\">\n\t\t\t\t\t<a class=\"elementor-button elementor-button-link elementor-size-sm\" href=\"#\">\n\t\t\t\t\t\t<span class=\"elementor-button-content-wrapper\">\n\t\t\t\t\t\t\t\t\t<span class=\"elementor-button-text\">Zur\u00fcck<\/span>\n\t\t\t\t\t<\/span>\n\t\t\t\t\t<\/a>\n\t\t\t\t<\/div>\n\t\t\t\t\t\t\t\t<\/div>\n\t\t\t\t<\/div>\n\t\t\t\t\t<\/div>\n\t\t\t\t<\/div>\n\t\t\t\t<\/div>\n\t\t","protected":false},"excerpt":{"rendered":"<p>Ich bin ein professioneller T\u00e4towierer seit 1995. In Hamburg auf der Reeperbahn habe ich seinerzeit diese K\u00f6rperkunst erlernt Zur\u00fcck<\/p>\n","protected":false},"author":2,"featured_media":1981,"parent":0,"menu_order":0,"comment_status":"closed","ping_status":"closed","template":"","meta":{"footnotes":""},"class_list":["post-2430","page","type-page","status-publish","has-post-thumbnail","hentry"],"_links":{"self":[{"href":"https:\/\/art99.org\/index.php?rest_route=\/wp\/v2\/pages\/2430","targetHints":{"allow":["GET"]}}],"collection":[{"href":"https:\/\/art99.org\/index.php?rest_route=\/wp\/v2\/pages"}],"about":[{"href":"https:\/\/art99.org\/index.php?rest_route=\/wp\/v2\/types\/page"}],"author":[{"embeddable":true,"href":"https:\/\/art99.org\/index.php?rest_route=\/wp\/v2\/users\/2"}],"replies":[{"embeddable":true,"href":"https:\/\/art99.org\/index.php?rest_route=%2Fwp%2Fv2%2Fcomments&post=2430"}],"version-history":[{"count":1,"href":"https:\/\/art99.org\/index.php?rest_route=\/wp\/v2\/pages\/2430\/revisions"}],"predecessor-version":[{"id":2432,"href":"https:\/\/art99.org\/index.php?rest_route=\/wp\/v2\/pages\/2430\/revisions\/2432"}],"wp:featuredmedia":[{"embeddable":true,"href":"https:\/\/art99.org\/index.php?rest_route=\/wp\/v2\/media\/1981"}],"wp:attachment":[{"href":"https:\/\/art99.org\/index.php?rest_route=%2Fwp%2Fv2%2Fmedia&parent=2430"}],"curies":[{"name":"wp","href":"https:\/\/api.w.org\/{rel}","templated":true}]}}