{"id":2433,"date":"2025-05-28T15:16:36","date_gmt":"2025-05-28T15:16:36","guid":{"rendered":"https:\/\/art99.org\/?page_id=2433"},"modified":"2025-06-15T11:53:05","modified_gmt":"2025-06-15T11:53:05","slug":"proyecto-de-gran-envergadura","status":"publish","type":"page","link":"https:\/\/art99.org\/?page_id=2433&lang=es","title":{"rendered":"Proyecto de gran envergadura"},"content":{"rendered":"\t\t<div data-elementor-type=\"wp-page\" data-elementor-id=\"2433\" class=\"elementor elementor-2433 elementor-1223\" data-elementor-post-type=\"page\">\n\t\t\t\t<div class=\"elementor-element elementor-element-680906e e-flex e-con-boxed e-con e-parent\" data-id=\"680906e\" data-element_type=\"container\">\n\t\t\t\t\t<div class=\"e-con-inner\">\n\t\t\t\t<div class=\"elementor-element elementor-element-1cc464e elementor-widget elementor-widget-heading\" data-id=\"1cc464e\" data-element_type=\"widget\" data-widget_type=\"heading.default\">\n\t\t\t\t<div class=\"elementor-widget-container\">\n\t\t\t\t\t<h2 class=\"elementor-heading-title elementor-size-default\">Esta es realmente una imagen de grandes dimensiones<\/h2>\t\t\t\t<\/div>\n\t\t\t\t<\/div>\n\t\t\t\t<div class=\"elementor-element elementor-element-01c670a elementor-widget elementor-widget-text-editor\" data-id=\"01c670a\" data-element_type=\"widget\" data-widget_type=\"text-editor.default\">\n\t\t\t\t<div class=\"elementor-widget-container\">\n\t\t\t\t\t\t\t\t\t<p>He recibido un encargo encantador de una amable pareja procedente de Alemania. Desean una hermosa ola y el Monte Rojo de El M\u00e9dano, Tenerife, en el fondo<\/p>\t\t\t\t\t\t\t\t<\/div>\n\t\t\t\t<\/div>\n\t\t\t\t\t<\/div>\n\t\t\t\t<\/div>\n\t\t<div class=\"elementor-element elementor-element-c0c1517 e-flex e-con-boxed e-con e-parent\" data-id=\"c0c1517\" data-element_type=\"container\">\n\t\t\t\t\t<div class=\"e-con-inner\">\n\t\t\t\t<div class=\"elementor-element elementor-element-9314565 elementor-widget elementor-widget-image\" data-id=\"9314565\" data-element_type=\"widget\" data-widget_type=\"image.default\">\n\t\t\t\t<div class=\"elementor-widget-container\">\n\t\t\t\t\t\t\t\t\t\t\t\t\t\t\t<img fetchpriority=\"high\" decoding=\"async\" width=\"768\" height=\"1024\" src=\"https:\/\/art99.org\/wp-content\/uploads\/2025\/05\/IMG_20250527_152500-1-768x1024.jpg\" class=\"attachment-large size-large wp-image-2366\" alt=\"\" srcset=\"https:\/\/art99.org\/wp-content\/uploads\/2025\/05\/IMG_20250527_152500-1-768x1024.jpg 768w, https:\/\/art99.org\/wp-content\/uploads\/2025\/05\/IMG_20250527_152500-1-225x300.jpg 225w, https:\/\/art99.org\/wp-content\/uploads\/2025\/05\/IMG_20250527_152500-1-1152x1536.jpg 1152w, https:\/\/art99.org\/wp-content\/uploads\/2025\/05\/IMG_20250527_152500-1-1536x2048.jpg 1536w, https:\/\/art99.org\/wp-content\/uploads\/2025\/05\/IMG_20250527_152500-1-scaled.jpg 1920w\" sizes=\"(max-width: 768px) 100vw, 768px\" \/>\t\t\t\t\t\t\t\t\t\t\t\t\t\t\t<\/div>\n\t\t\t\t<\/div>\n\t\t\t\t\t<\/div>\n\t\t\t\t<\/div>\n\t\t<div class=\"elementor-element elementor-element-aa9130a e-flex e-con-boxed e-con e-parent\" data-id=\"aa9130a\" data-element_type=\"container\">\n\t\t\t\t\t<div class=\"e-con-inner\">\n\t\t\t\t<div class=\"elementor-element elementor-element-a1dced0 elementor-widget elementor-widget-video\" data-id=\"a1dced0\" data-element_type=\"widget\" data-settings=\"{&quot;video_type&quot;:&quot;hosted&quot;,&quot;controls&quot;:&quot;yes&quot;}\" data-widget_type=\"video.default\">\n\t\t\t\t<div class=\"elementor-widget-container\">\n\t\t\t\t\t\t\t<div class=\"e-hosted-video elementor-wrapper elementor-open-inline\">\n\t\t\t\t\t<video class=\"elementor-video\" src=\"https:\/\/art99.org\/wp-content\/uploads\/2025\/05\/VID_20250527_164634.mp4\" controls=\"\" preload=\"metadata\" controlsList=\"nodownload\"><\/video>\n\t\t\t\t<\/div>\n\t\t\t\t\t\t<\/div>\n\t\t\t\t<\/div>\n\t\t\t\t\t<\/div>\n\t\t\t\t<\/div>\n\t\t<div class=\"elementor-element elementor-element-b5c62c3 e-flex e-con-boxed e-con e-parent\" data-id=\"b5c62c3\" data-element_type=\"container\">\n\t\t\t\t\t<div class=\"e-con-inner\">\n\t\t\t\t<div class=\"elementor-element elementor-element-c50831d elementor-widget elementor-widget-video\" data-id=\"c50831d\" data-element_type=\"widget\" data-settings=\"{&quot;video_type&quot;:&quot;hosted&quot;,&quot;controls&quot;:&quot;yes&quot;}\" data-widget_type=\"video.default\">\n\t\t\t\t<div class=\"elementor-widget-container\">\n\t\t\t\t\t\t\t<div class=\"e-hosted-video elementor-wrapper elementor-open-inline\">\n\t\t\t\t\t<video class=\"elementor-video\" src=\"https:\/\/art99.org\/wp-content\/uploads\/2025\/05\/VID_20250528_130653-1.mp4\" controls=\"\" preload=\"metadata\" controlsList=\"nodownload\"><\/video>\n\t\t\t\t<\/div>\n\t\t\t\t\t\t<\/div>\n\t\t\t\t<\/div>\n\t\t\t\t\t<\/div>\n\t\t\t\t<\/div>\n\t\t<div class=\"elementor-element elementor-element-ccbb0c3 e-flex e-con-boxed e-con e-parent\" data-id=\"ccbb0c3\" data-element_type=\"container\">\n\t\t\t\t\t<div class=\"e-con-inner\">\n\t\t\t\t<div class=\"elementor-element elementor-element-d97b77c elementor-widget elementor-widget-video\" data-id=\"d97b77c\" data-element_type=\"widget\" data-settings=\"{&quot;video_type&quot;:&quot;hosted&quot;,&quot;controls&quot;:&quot;yes&quot;}\" data-widget_type=\"video.default\">\n\t\t\t\t<div class=\"elementor-widget-container\">\n\t\t\t\t\t\t\t<div class=\"e-hosted-video elementor-wrapper elementor-open-inline\">\n\t\t\t\t\t<video class=\"elementor-video\" src=\"https:\/\/art99.org\/wp-content\/uploads\/2025\/05\/VID_20250528_130653-1.mp4\" controls=\"\" preload=\"metadata\" controlsList=\"nodownload\"><\/video>\n\t\t\t\t<\/div>\n\t\t\t\t\t\t<\/div>\n\t\t\t\t<\/div>\n\t\t\t\t\t<\/div>\n\t\t\t\t<\/div>\n\t\t<div class=\"elementor-element elementor-element-d8012b6 e-flex e-con-boxed e-con e-parent\" data-id=\"d8012b6\" data-element_type=\"container\">\n\t\t\t\t\t<div class=\"e-con-inner\">\n\t\t\t\t<div class=\"elementor-element elementor-element-1f9808b elementor-widget elementor-widget-video\" data-id=\"1f9808b\" data-element_type=\"widget\" data-settings=\"{&quot;video_type&quot;:&quot;hosted&quot;,&quot;controls&quot;:&quot;yes&quot;}\" data-widget_type=\"video.default\">\n\t\t\t\t<div class=\"elementor-widget-container\">\n\t\t\t\t\t\t\t<div class=\"e-hosted-video elementor-wrapper elementor-open-inline\">\n\t\t\t\t\t<video class=\"elementor-video\" src=\"https:\/\/art99.org\/wp-content\/uploads\/2025\/05\/VID_20250528_132250-1.mp4\" controls=\"\" preload=\"metadata\" controlsList=\"nodownload\"><\/video>\n\t\t\t\t<\/div>\n\t\t\t\t\t\t<\/div>\n\t\t\t\t<\/div>\n\t\t\t\t\t<\/div>\n\t\t\t\t<\/div>\n\t\t<div class=\"elementor-element elementor-element-5d2c6bc e-flex e-con-boxed e-con e-parent\" data-id=\"5d2c6bc\" data-element_type=\"container\">\n\t\t\t\t\t<div class=\"e-con-inner\">\n\t\t\t\t<div class=\"elementor-element elementor-element-708a199 elementor-widget elementor-widget-image\" data-id=\"708a199\" data-element_type=\"widget\" data-widget_type=\"image.default\">\n\t\t\t\t<div class=\"elementor-widget-container\">\n\t\t\t\t\t\t\t\t\t\t\t\t\t\t\t<img decoding=\"async\" width=\"768\" height=\"1024\" src=\"https:\/\/art99.org\/wp-content\/uploads\/2025\/05\/IMG_20250528_132636-1-768x1024.jpg\" class=\"attachment-large size-large wp-image-2372\" alt=\"\" srcset=\"https:\/\/art99.org\/wp-content\/uploads\/2025\/05\/IMG_20250528_132636-1-768x1024.jpg 768w, https:\/\/art99.org\/wp-content\/uploads\/2025\/05\/IMG_20250528_132636-1-225x300.jpg 225w, https:\/\/art99.org\/wp-content\/uploads\/2025\/05\/IMG_20250528_132636-1-1152x1536.jpg 1152w, https:\/\/art99.org\/wp-content\/uploads\/2025\/05\/IMG_20250528_132636-1-1536x2048.jpg 1536w, https:\/\/art99.org\/wp-content\/uploads\/2025\/05\/IMG_20250528_132636-1-scaled.jpg 1920w\" sizes=\"(max-width: 768px) 100vw, 768px\" \/>\t\t\t\t\t\t\t\t\t\t\t\t\t\t\t<\/div>\n\t\t\t\t<\/div>\n\t\t\t\t\t<\/div>\n\t\t\t\t<\/div>\n\t\t<div class=\"elementor-element elementor-element-23c065b e-flex e-con-boxed e-con e-parent\" data-id=\"23c065b\" data-element_type=\"container\">\n\t\t\t\t\t<div class=\"e-con-inner\">\n\t\t\t\t<div class=\"elementor-element elementor-element-8949004 elementor-widget elementor-widget-image\" data-id=\"8949004\" data-element_type=\"widget\" data-widget_type=\"image.default\">\n\t\t\t\t<div class=\"elementor-widget-container\">\n\t\t\t\t\t\t\t\t\t\t\t\t\t\t\t<img decoding=\"async\" width=\"1024\" height=\"427\" src=\"https:\/\/art99.org\/wp-content\/uploads\/2025\/06\/entergebniss-1024x427-1.jpg\" class=\"attachment-large size-large wp-image-2408\" alt=\"\" srcset=\"https:\/\/art99.org\/wp-content\/uploads\/2025\/06\/entergebniss-1024x427-1.jpg 1024w, https:\/\/art99.org\/wp-content\/uploads\/2025\/06\/entergebniss-1024x427-1-300x125.jpg 300w, https:\/\/art99.org\/wp-content\/uploads\/2025\/06\/entergebniss-1024x427-1-768x320.jpg 768w\" sizes=\"(max-width: 1024px) 100vw, 1024px\" \/>\t\t\t\t\t\t\t\t\t\t\t\t\t\t\t<\/div>\n\t\t\t\t<\/div>\n\t\t\t\t\t<\/div>\n\t\t\t\t<\/div>\n\t\t<div class=\"elementor-element elementor-element-de86485 e-flex e-con-boxed e-con e-parent\" data-id=\"de86485\" data-element_type=\"container\">\n\t\t\t\t\t<div class=\"e-con-inner\">\n\t\t\t\t<div class=\"elementor-element elementor-element-d66c58e elementor-widget elementor-widget-text-editor\" data-id=\"d66c58e\" data-element_type=\"widget\" data-widget_type=\"text-editor.default\">\n\t\t\t\t<div class=\"elementor-widget-container\">\n\t\t\t\t\t\t\t\t\t<p>He aqu\u00ed el resultado de aproximadamente diez d\u00edas de labor.<\/p><p>Que lo disfruten<\/p>\t\t\t\t\t\t\t\t<\/div>\n\t\t\t\t<\/div>\n\t\t\t\t\t<\/div>\n\t\t\t\t<\/div>\n\t\t<div class=\"elementor-element elementor-element-beb8a12 e-flex e-con-boxed e-con e-parent\" data-id=\"beb8a12\" data-element_type=\"container\">\n\t\t\t\t\t<div class=\"e-con-inner\">\n\t\t\t\t<div class=\"elementor-element elementor-element-ca65295 elementor-widget elementor-widget-text-editor\" data-id=\"ca65295\" data-element_type=\"widget\" data-widget_type=\"text-editor.default\">\n\t\t\t\t<div class=\"elementor-widget-container\">\n\t\t\t\t\t\t\t\t\t<p>El d\u00eda de ayer se procedi\u00f3 a la remoci\u00f3n de todas las grapas met\u00e1licas del marco de madera.<\/p><p>El lienzo fue cuidadosamente enrollado y posteriormente embalado con protecci\u00f3n en un tubo de cart\u00f3n.<\/p><p>En la ma\u00f1ana de hoy fue llevado a la oficina postal, iniciando as\u00ed su trayecto. <\/p><p>Ahora corresponde aguardar.<\/p>\t\t\t\t\t\t\t\t<\/div>\n\t\t\t\t<\/div>\n\t\t\t\t\t<\/div>\n\t\t\t\t<\/div>\n\t\t<div class=\"elementor-element elementor-element-c0bfcc2 e-flex e-con-boxed e-con e-parent\" data-id=\"c0bfcc2\" data-element_type=\"container\">\n\t\t\t\t\t<div class=\"e-con-inner\">\n\t\t\t\t<div class=\"elementor-element elementor-element-c1e37fc elementor-mobile-align-center elementor-align-center elementor-widget elementor-widget-button\" data-id=\"c1e37fc\" data-element_type=\"widget\" data-widget_type=\"button.default\">\n\t\t\t\t<div class=\"elementor-widget-container\">\n\t\t\t\t\t\t\t\t\t<div class=\"elementor-button-wrapper\">\n\t\t\t\t\t<a class=\"elementor-button elementor-button-link elementor-size-sm\" href=\"#\">\n\t\t\t\t\t\t<span class=\"elementor-button-content-wrapper\">\n\t\t\t\t\t\t\t\t\t<span class=\"elementor-button-text\">Volver arriba<\/span>\n\t\t\t\t\t<\/span>\n\t\t\t\t\t<\/a>\n\t\t\t\t<\/div>\n\t\t\t\t\t\t\t\t<\/div>\n\t\t\t\t<\/div>\n\t\t\t\t\t<\/div>\n\t\t\t\t<\/div>\n\t\t\t\t<\/div>\n\t\t","protected":false},"excerpt":{"rendered":"<p>Esta es realmente una imagen de grandes dimensiones He recibido un encargo encantador de una amable pareja procedente de Alemania. Desean una hermosa ola y el Monte Rojo de El M\u00e9dano, Tenerife, en el fondo https:\/\/art99.org\/wp-content\/uploads\/2025\/05\/VID_20250527_164634.mp4https:\/\/art99.org\/wp-content\/uploads\/2025\/05\/VID_20250528_130653-1.mp4https:\/\/art99.org\/wp-content\/uploads\/2025\/05\/VID_20250528_130653-1.mp4https:\/\/art99.org\/wp-content\/uploads\/2025\/05\/VID_20250528_132250-1.mp4 He aqu\u00ed el resultado de aproximadamente diez d\u00edas de labor. Que lo disfruten El d\u00eda de ayer se procedi\u00f3 [&hellip;]<\/p>\n","protected":false},"author":2,"featured_media":0,"parent":0,"menu_order":0,"comment_status":"closed","ping_status":"closed","template":"","meta":{"footnotes":""},"class_list":["post-2433","page","type-page","status-publish","hentry"],"_links":{"self":[{"href":"https:\/\/art99.org\/index.php?rest_route=\/wp\/v2\/pages\/2433","targetHints":{"allow":["GET"]}}],"collection":[{"href":"https:\/\/art99.org\/index.php?rest_route=\/wp\/v2\/pages"}],"about":[{"href":"https:\/\/art99.org\/index.php?rest_route=\/wp\/v2\/types\/page"}],"author":[{"embeddable":true,"href":"https:\/\/art99.org\/index.php?rest_route=\/wp\/v2\/users\/2"}],"replies":[{"embeddable":true,"href":"https:\/\/art99.org\/index.php?rest_route=%2Fwp%2Fv2%2Fcomments&post=2433"}],"version-history":[{"count":3,"href":"https:\/\/art99.org\/index.php?rest_route=\/wp\/v2\/pages\/2433\/revisions"}],"predecessor-version":[{"id":2548,"href":"https:\/\/art99.org\/index.php?rest_route=\/wp\/v2\/pages\/2433\/revisions\/2548"}],"wp:attachment":[{"href":"https:\/\/art99.org\/index.php?rest_route=%2Fwp%2Fv2%2Fmedia&parent=2433"}],"curies":[{"name":"wp","href":"https:\/\/api.w.org\/{rel}","templated":true}]}}