{"id":2443,"date":"2025-05-12T14:35:02","date_gmt":"2025-05-12T14:35:02","guid":{"rendered":"https:\/\/art99.org\/?page_id=2443"},"modified":"2025-06-14T20:36:33","modified_gmt":"2025-06-14T20:36:33","slug":"mercado","status":"publish","type":"page","link":"https:\/\/art99.org\/?page_id=2443&lang=es","title":{"rendered":"Mercado"},"content":{"rendered":"\t\t<div data-elementor-type=\"wp-page\" data-elementor-id=\"2443\" class=\"elementor elementor-2443 elementor-802\" data-elementor-post-type=\"page\">\n\t\t\t\t<div class=\"elementor-element elementor-element-5293acd e-flex e-con-boxed e-con e-parent\" data-id=\"5293acd\" data-element_type=\"container\">\n\t\t\t\t\t<div class=\"e-con-inner\">\n\t\t\t\t<div class=\"elementor-element elementor-element-82720fd elementor-widget elementor-widget-image\" data-id=\"82720fd\" data-element_type=\"widget\" data-widget_type=\"image.default\">\n\t\t\t\t<div class=\"elementor-widget-container\">\n\t\t\t\t\t\t\t\t\t\t\t\t\t\t\t<img fetchpriority=\"high\" decoding=\"async\" width=\"768\" height=\"1024\" src=\"https:\/\/art99.org\/wp-content\/uploads\/2025\/05\/IMG_20250516_095048-1-768x1024.jpg\" class=\"attachment-large size-large wp-image-2249\" alt=\"\" srcset=\"https:\/\/art99.org\/wp-content\/uploads\/2025\/05\/IMG_20250516_095048-1-768x1024.jpg 768w, https:\/\/art99.org\/wp-content\/uploads\/2025\/05\/IMG_20250516_095048-1-225x300.jpg 225w, https:\/\/art99.org\/wp-content\/uploads\/2025\/05\/IMG_20250516_095048-1-1152x1536.jpg 1152w, https:\/\/art99.org\/wp-content\/uploads\/2025\/05\/IMG_20250516_095048-1-1536x2048.jpg 1536w, https:\/\/art99.org\/wp-content\/uploads\/2025\/05\/IMG_20250516_095048-1-scaled.jpg 1920w\" sizes=\"(max-width: 768px) 100vw, 768px\" \/>\t\t\t\t\t\t\t\t\t\t\t\t\t\t\t<\/div>\n\t\t\t\t<\/div>\n\t\t\t\t\t<\/div>\n\t\t\t\t<\/div>\n\t\t<div class=\"elementor-element elementor-element-ce54e93 e-flex e-con-boxed e-con e-parent\" data-id=\"ce54e93\" data-element_type=\"container\">\n\t\t\t\t\t<div class=\"e-con-inner\">\n\t\t\t\t<div class=\"elementor-element elementor-element-ba6c123 elementor-widget elementor-widget-gallery\" data-id=\"ba6c123\" data-element_type=\"widget\" data-settings=\"{&quot;lazyload&quot;:&quot;yes&quot;,&quot;gallery_layout&quot;:&quot;grid&quot;,&quot;columns&quot;:4,&quot;columns_tablet&quot;:2,&quot;columns_mobile&quot;:1,&quot;gap&quot;:{&quot;unit&quot;:&quot;px&quot;,&quot;size&quot;:10,&quot;sizes&quot;:[]},&quot;gap_tablet&quot;:{&quot;unit&quot;:&quot;px&quot;,&quot;size&quot;:10,&quot;sizes&quot;:[]},&quot;gap_mobile&quot;:{&quot;unit&quot;:&quot;px&quot;,&quot;size&quot;:10,&quot;sizes&quot;:[]},&quot;link_to&quot;:&quot;file&quot;,&quot;aspect_ratio&quot;:&quot;3:2&quot;,&quot;overlay_background&quot;:&quot;yes&quot;,&quot;content_hover_animation&quot;:&quot;fade-in&quot;}\" data-widget_type=\"gallery.default\">\n\t\t\t\t<div class=\"elementor-widget-container\">\n\t\t\t\t\t\t\t<div class=\"elementor-gallery__container\">\n\t\t\t\t\t\t\t<a class=\"e-gallery-item elementor-gallery-item elementor-animated-content\" href=\"https:\/\/art99.org\/wp-content\/uploads\/2025\/05\/IMG_20250516_095154-1-scaled.jpg\" data-elementor-open-lightbox=\"yes\" data-elementor-lightbox-slideshow=\"ba6c123\" data-elementor-lightbox-title=\"IMG_20250516_095154\" data-e-action-hash=\"#elementor-action%3Aaction%3Dlightbox%26settings%3DeyJpZCI6MTExOSwidXJsIjoiaHR0cHM6XC9cL2FydDk5Lm9yZ1wvd3AtY29udGVudFwvdXBsb2Fkc1wvMjAyNVwvMDVcL0lNR18yMDI1MDUxNl8wOTUxNTQtMS1zY2FsZWQuanBnIiwic2xpZGVzaG93IjoiYmE2YzEyMyJ9\">\n\t\t\t\t\t<div class=\"e-gallery-image elementor-gallery-item__image\" data-thumbnail=\"https:\/\/art99.org\/wp-content\/uploads\/2025\/05\/IMG_20250516_095154-1-225x300.jpg\" data-width=\"225\" data-height=\"300\" aria-label=\"\" role=\"img\" ><\/div>\n\t\t\t\t\t\t\t\t\t\t\t<div class=\"elementor-gallery-item__overlay\"><\/div>\n\t\t\t\t\t\t\t\t\t\t\t\t\t\t<\/a>\n\t\t\t\t\t\t\t<a class=\"e-gallery-item elementor-gallery-item elementor-animated-content\" href=\"https:\/\/art99.org\/wp-content\/uploads\/2025\/05\/IMG_20250516_095036-1-scaled.jpg\" data-elementor-open-lightbox=\"yes\" data-elementor-lightbox-slideshow=\"ba6c123\" data-elementor-lightbox-title=\"IMG_20250516_095036\" data-e-action-hash=\"#elementor-action%3Aaction%3Dlightbox%26settings%3DeyJpZCI6MTExNywidXJsIjoiaHR0cHM6XC9cL2FydDk5Lm9yZ1wvd3AtY29udGVudFwvdXBsb2Fkc1wvMjAyNVwvMDVcL0lNR18yMDI1MDUxNl8wOTUwMzYtMS1zY2FsZWQuanBnIiwic2xpZGVzaG93IjoiYmE2YzEyMyJ9\">\n\t\t\t\t\t<div class=\"e-gallery-image elementor-gallery-item__image\" data-thumbnail=\"https:\/\/art99.org\/wp-content\/uploads\/2025\/05\/IMG_20250516_095036-1-300x225.jpg\" data-width=\"300\" data-height=\"225\" aria-label=\"\" role=\"img\" ><\/div>\n\t\t\t\t\t\t\t\t\t\t\t<div class=\"elementor-gallery-item__overlay\"><\/div>\n\t\t\t\t\t\t\t\t\t\t\t\t\t\t<\/a>\n\t\t\t\t\t<\/div>\n\t\t\t\t\t<\/div>\n\t\t\t\t<\/div>\n\t\t\t\t\t<\/div>\n\t\t\t\t<\/div>\n\t\t<div class=\"elementor-element elementor-element-85ed619 e-flex e-con-boxed e-con e-parent\" data-id=\"85ed619\" data-element_type=\"container\">\n\t\t\t\t\t<div class=\"e-con-inner\">\n\t\t\t\t<div class=\"elementor-element elementor-element-9c1d26d elementor-widget elementor-widget-gallery\" data-id=\"9c1d26d\" data-element_type=\"widget\" data-settings=\"{&quot;gallery_layout&quot;:&quot;masonry&quot;,&quot;lazyload&quot;:&quot;yes&quot;,&quot;columns&quot;:4,&quot;columns_tablet&quot;:2,&quot;columns_mobile&quot;:1,&quot;gap&quot;:{&quot;unit&quot;:&quot;px&quot;,&quot;size&quot;:10,&quot;sizes&quot;:[]},&quot;gap_tablet&quot;:{&quot;unit&quot;:&quot;px&quot;,&quot;size&quot;:10,&quot;sizes&quot;:[]},&quot;gap_mobile&quot;:{&quot;unit&quot;:&quot;px&quot;,&quot;size&quot;:10,&quot;sizes&quot;:[]},&quot;link_to&quot;:&quot;file&quot;,&quot;overlay_background&quot;:&quot;yes&quot;,&quot;content_hover_animation&quot;:&quot;fade-in&quot;}\" data-widget_type=\"gallery.default\">\n\t\t\t\t<div class=\"elementor-widget-container\">\n\t\t\t\t\t\t\t<div class=\"elementor-gallery__container\">\n\t\t\t\t\t\t\t<a class=\"e-gallery-item elementor-gallery-item elementor-animated-content\" href=\"https:\/\/art99.org\/wp-content\/uploads\/2025\/05\/IMG-20250509-WA0000-2.jpg\" data-elementor-open-lightbox=\"yes\" data-elementor-lightbox-slideshow=\"9c1d26d\" data-elementor-lightbox-title=\"IMG-20250509-WA0000\" data-e-action-hash=\"#elementor-action%3Aaction%3Dlightbox%26settings%3DeyJpZCI6ODA4LCJ1cmwiOiJodHRwczpcL1wvYXJ0OTkub3JnXC93cC1jb250ZW50XC91cGxvYWRzXC8yMDI1XC8wNVwvSU1HLTIwMjUwNTA5LVdBMDAwMC0yLmpwZyIsInNsaWRlc2hvdyI6IjljMWQyNmQifQ%3D%3D\">\n\t\t\t\t\t<div class=\"e-gallery-image elementor-gallery-item__image\" data-thumbnail=\"https:\/\/art99.org\/wp-content\/uploads\/2025\/05\/IMG-20250509-WA0000-2-226x300.jpg\" data-width=\"226\" data-height=\"300\" aria-label=\"\" role=\"img\" ><\/div>\n\t\t\t\t\t\t\t\t\t\t\t<div class=\"elementor-gallery-item__overlay\"><\/div>\n\t\t\t\t\t\t\t\t\t\t\t\t\t\t<\/a>\n\t\t\t\t\t\t\t<a class=\"e-gallery-item elementor-gallery-item elementor-animated-content\" href=\"https:\/\/art99.org\/wp-content\/uploads\/2025\/05\/IMG_20250418_110414-2-scaled.jpg\" data-elementor-open-lightbox=\"yes\" data-elementor-lightbox-slideshow=\"9c1d26d\" data-elementor-lightbox-title=\"IMG_20250418_110414\" data-e-action-hash=\"#elementor-action%3Aaction%3Dlightbox%26settings%3DeyJpZCI6ODA3LCJ1cmwiOiJodHRwczpcL1wvYXJ0OTkub3JnXC93cC1jb250ZW50XC91cGxvYWRzXC8yMDI1XC8wNVwvSU1HXzIwMjUwNDE4XzExMDQxNC0yLXNjYWxlZC5qcGciLCJzbGlkZXNob3ciOiI5YzFkMjZkIn0%3D\">\n\t\t\t\t\t<div class=\"e-gallery-image elementor-gallery-item__image\" data-thumbnail=\"https:\/\/art99.org\/wp-content\/uploads\/2025\/05\/IMG_20250418_110414-2-225x300.jpg\" data-width=\"225\" data-height=\"300\" aria-label=\"\" role=\"img\" ><\/div>\n\t\t\t\t\t\t\t\t\t\t\t<div class=\"elementor-gallery-item__overlay\"><\/div>\n\t\t\t\t\t\t\t\t\t\t\t\t\t\t<\/a>\n\t\t\t\t\t\t\t<a class=\"e-gallery-item elementor-gallery-item elementor-animated-content\" href=\"https:\/\/art99.org\/wp-content\/uploads\/2025\/05\/IMG_20241115_113042-2-scaled.jpg\" data-elementor-open-lightbox=\"yes\" data-elementor-lightbox-slideshow=\"9c1d26d\" data-elementor-lightbox-title=\"IMG_20241115_113042\" data-e-action-hash=\"#elementor-action%3Aaction%3Dlightbox%26settings%3DeyJpZCI6ODA2LCJ1cmwiOiJodHRwczpcL1wvYXJ0OTkub3JnXC93cC1jb250ZW50XC91cGxvYWRzXC8yMDI1XC8wNVwvSU1HXzIwMjQxMTE1XzExMzA0Mi0yLXNjYWxlZC5qcGciLCJzbGlkZXNob3ciOiI5YzFkMjZkIn0%3D\">\n\t\t\t\t\t<div class=\"e-gallery-image elementor-gallery-item__image\" data-thumbnail=\"https:\/\/art99.org\/wp-content\/uploads\/2025\/05\/IMG_20241115_113042-2-225x300.jpg\" data-width=\"225\" data-height=\"300\" aria-label=\"\" role=\"img\" ><\/div>\n\t\t\t\t\t\t\t\t\t\t\t<div class=\"elementor-gallery-item__overlay\"><\/div>\n\t\t\t\t\t\t\t\t\t\t\t\t\t\t<\/a>\n\t\t\t\t\t<\/div>\n\t\t\t\t\t<\/div>\n\t\t\t\t<\/div>\n\t\t\t\t\t<\/div>\n\t\t\t\t<\/div>\n\t\t<div class=\"elementor-element elementor-element-474cb05 e-flex e-con-boxed e-con e-parent\" data-id=\"474cb05\" data-element_type=\"container\">\n\t\t\t\t\t<div class=\"e-con-inner\">\n\t\t\t\t<div class=\"elementor-element elementor-element-949daa5 elementor-widget elementor-widget-text-editor\" data-id=\"949daa5\" data-element_type=\"widget\" data-widget_type=\"text-editor.default\">\n\t\t\t\t<div class=\"elementor-widget-container\">\n\t\t\t\t\t\t\t\t\t<p>Todos los viernes se celebra un hermoso mercado de artesan\u00eda en Las Galletas, en el sur de Tenerife.<\/p><p>Con un poco de suerte, tambi\u00e9n podr\u00e1n encontrarme all\u00ed y llevarse a casa una bella obra de arte original. Vale la pena. Que lo disfruten.<\/p>\t\t\t\t\t\t\t\t<\/div>\n\t\t\t\t<\/div>\n\t\t\t\t\t<\/div>\n\t\t\t\t<\/div>\n\t\t<div class=\"elementor-element elementor-element-79b5f15 e-flex e-con-boxed e-con e-parent\" data-id=\"79b5f15\" data-element_type=\"container\">\n\t\t\t\t\t<div class=\"e-con-inner\">\n\t\t\t\t<div class=\"elementor-element elementor-element-0711229 elementor-widget elementor-widget-image\" data-id=\"0711229\" data-element_type=\"widget\" data-widget_type=\"image.default\">\n\t\t\t\t<div class=\"elementor-widget-container\">\n\t\t\t\t\t\t\t\t\t\t\t\t\t\t\t<img decoding=\"async\" width=\"768\" height=\"1024\" src=\"https:\/\/art99.org\/wp-content\/uploads\/2025\/05\/Marktstande-mit-wildem-Himmel-768x1024.jpg\" class=\"attachment-large size-large wp-image-2168\" alt=\"\" srcset=\"https:\/\/art99.org\/wp-content\/uploads\/2025\/05\/Marktstande-mit-wildem-Himmel-768x1024.jpg 768w, https:\/\/art99.org\/wp-content\/uploads\/2025\/05\/Marktstande-mit-wildem-Himmel-225x300.jpg 225w, https:\/\/art99.org\/wp-content\/uploads\/2025\/05\/Marktstande-mit-wildem-Himmel-1152x1536.jpg 1152w, https:\/\/art99.org\/wp-content\/uploads\/2025\/05\/Marktstande-mit-wildem-Himmel-1536x2048.jpg 1536w, https:\/\/art99.org\/wp-content\/uploads\/2025\/05\/Marktstande-mit-wildem-Himmel-scaled.jpg 1920w\" sizes=\"(max-width: 768px) 100vw, 768px\" \/>\t\t\t\t\t\t\t\t\t\t\t\t\t\t\t<\/div>\n\t\t\t\t<\/div>\n\t\t\t\t\t<\/div>\n\t\t\t\t<\/div>\n\t\t<div class=\"elementor-element elementor-element-4382956 e-flex e-con-boxed e-con e-parent\" data-id=\"4382956\" data-element_type=\"container\">\n\t\t\t\t\t<div class=\"e-con-inner\">\n\t\t\t\t<div class=\"elementor-element elementor-element-9fdd71a elementor-widget elementor-widget-text-editor\" data-id=\"9fdd71a\" data-element_type=\"widget\" data-widget_type=\"text-editor.default\">\n\t\t\t\t<div class=\"elementor-widget-container\">\n\t\t\t\t\t\t\t\t\t<p>En mi peque\u00f1o puesto de 2 por 2 metros ofrezco una gran variedad de pinturas. Todos los tama\u00f1os son manejables, por lo que pueden transportarlos f\u00e1cilmente y de manera segura en su equipaje.<\/p>\t\t\t\t\t\t\t\t<\/div>\n\t\t\t\t<\/div>\n\t\t\t\t<div class=\"elementor-element elementor-element-148af7b elementor-widget elementor-widget-image\" data-id=\"148af7b\" data-element_type=\"widget\" data-widget_type=\"image.default\">\n\t\t\t\t<div class=\"elementor-widget-container\">\n\t\t\t\t\t\t\t\t\t\t\t\t\t\t\t<img decoding=\"async\" width=\"1024\" height=\"768\" src=\"https:\/\/art99.org\/wp-content\/uploads\/2025\/05\/vom-stand-aus1-1024x768.jpg\" class=\"attachment-large size-large wp-image-2150\" alt=\"\" srcset=\"https:\/\/art99.org\/wp-content\/uploads\/2025\/05\/vom-stand-aus1-1024x768.jpg 1024w, https:\/\/art99.org\/wp-content\/uploads\/2025\/05\/vom-stand-aus1-300x225.jpg 300w, https:\/\/art99.org\/wp-content\/uploads\/2025\/05\/vom-stand-aus1-768x576.jpg 768w, https:\/\/art99.org\/wp-content\/uploads\/2025\/05\/vom-stand-aus1-1536x1152.jpg 1536w, https:\/\/art99.org\/wp-content\/uploads\/2025\/05\/vom-stand-aus1-2048x1536.jpg 2048w\" sizes=\"(max-width: 1024px) 100vw, 1024px\" \/>\t\t\t\t\t\t\t\t\t\t\t\t\t\t\t<\/div>\n\t\t\t\t<\/div>\n\t\t\t\t\t<\/div>\n\t\t\t\t<\/div>\n\t\t<div class=\"elementor-element elementor-element-b705b4b e-flex e-con-boxed e-con e-parent\" data-id=\"b705b4b\" data-element_type=\"container\">\n\t\t\t\t\t<div class=\"e-con-inner\">\n\t\t\t\t<div class=\"elementor-element elementor-element-6864def elementor-widget elementor-widget-text-editor\" data-id=\"6864def\" data-element_type=\"widget\" data-widget_type=\"text-editor.default\">\n\t\t\t\t<div class=\"elementor-widget-container\">\n\t\t\t\t\t\t\t\t\t<p>As\u00ed que, si desean obtener un bonito recuerdo, pueden encontrarme aqu\u00ed todos los viernes por la ma\u00f1ana.<\/p><p>Obras de arte \u00fanicas y excepcionales de Bernado.<\/p><p>Tal vez encuentren algo para ustedes aqu\u00ed.<\/p>\t\t\t\t\t\t\t\t<\/div>\n\t\t\t\t<\/div>\n\t\t\t\t\t<\/div>\n\t\t\t\t<\/div>\n\t\t<div class=\"elementor-element elementor-element-2644ebf e-flex e-con-boxed e-con e-parent\" data-id=\"2644ebf\" data-element_type=\"container\">\n\t\t\t\t\t<div class=\"e-con-inner\">\n\t\t\t\t<div class=\"elementor-element elementor-element-afdb415 elementor-widget elementor-widget-image\" data-id=\"afdb415\" data-element_type=\"widget\" data-widget_type=\"image.default\">\n\t\t\t\t<div class=\"elementor-widget-container\">\n\t\t\t\t\t\t\t\t\t\t\t\t\t\t\t<img loading=\"lazy\" decoding=\"async\" width=\"1024\" height=\"768\" src=\"https:\/\/art99.org\/wp-content\/uploads\/2025\/05\/boote-mit-teide-1024x768.jpg\" class=\"attachment-large size-large wp-image-2159\" alt=\"\" srcset=\"https:\/\/art99.org\/wp-content\/uploads\/2025\/05\/boote-mit-teide-1024x768.jpg 1024w, https:\/\/art99.org\/wp-content\/uploads\/2025\/05\/boote-mit-teide-300x225.jpg 300w, https:\/\/art99.org\/wp-content\/uploads\/2025\/05\/boote-mit-teide-768x576.jpg 768w, https:\/\/art99.org\/wp-content\/uploads\/2025\/05\/boote-mit-teide-1536x1152.jpg 1536w, https:\/\/art99.org\/wp-content\/uploads\/2025\/05\/boote-mit-teide-2048x1536.jpg 2048w\" sizes=\"(max-width: 1024px) 100vw, 1024px\" \/>\t\t\t\t\t\t\t\t\t\t\t\t\t\t\t<\/div>\n\t\t\t\t<\/div>\n\t\t\t\t\t<\/div>\n\t\t\t\t<\/div>\n\t\t<div class=\"elementor-element elementor-element-eac6256 e-flex e-con-boxed e-con e-parent\" data-id=\"eac6256\" data-element_type=\"container\">\n\t\t\t\t\t<div class=\"e-con-inner\">\n\t\t\t\t<div class=\"elementor-element elementor-element-6f04b77 elementor-align-center elementor-widget elementor-widget-button\" data-id=\"6f04b77\" data-element_type=\"widget\" data-widget_type=\"button.default\">\n\t\t\t\t<div class=\"elementor-widget-container\">\n\t\t\t\t\t\t\t\t\t<div class=\"elementor-button-wrapper\">\n\t\t\t\t\t<a class=\"elementor-button elementor-button-link elementor-size-sm\" href=\"#\">\n\t\t\t\t\t\t<span class=\"elementor-button-content-wrapper\">\n\t\t\t\t\t\t\t\t\t<span class=\"elementor-button-text\">Volver arriba<\/span>\n\t\t\t\t\t<\/span>\n\t\t\t\t\t<\/a>\n\t\t\t\t<\/div>\n\t\t\t\t\t\t\t\t<\/div>\n\t\t\t\t<\/div>\n\t\t\t\t\t<\/div>\n\t\t\t\t<\/div>\n\t\t\t\t<\/div>\n\t\t","protected":false},"excerpt":{"rendered":"<p>Todos los viernes se celebra un hermoso mercado de artesan\u00eda en Las Galletas, en el sur de Tenerife. Con un poco de suerte, tambi\u00e9n podr\u00e1n encontrarme all\u00ed y llevarse a casa una bella obra de arte original. Vale la pena. Que lo disfruten. En mi peque\u00f1o puesto de 2 por 2 metros ofrezco una gran [&hellip;]<\/p>\n","protected":false},"author":2,"featured_media":0,"parent":0,"menu_order":0,"comment_status":"closed","ping_status":"closed","template":"","meta":{"footnotes":""},"class_list":["post-2443","page","type-page","status-publish","hentry"],"_links":{"self":[{"href":"https:\/\/art99.org\/index.php?rest_route=\/wp\/v2\/pages\/2443","targetHints":{"allow":["GET"]}}],"collection":[{"href":"https:\/\/art99.org\/index.php?rest_route=\/wp\/v2\/pages"}],"about":[{"href":"https:\/\/art99.org\/index.php?rest_route=\/wp\/v2\/types\/page"}],"author":[{"embeddable":true,"href":"https:\/\/art99.org\/index.php?rest_route=\/wp\/v2\/users\/2"}],"replies":[{"embeddable":true,"href":"https:\/\/art99.org\/index.php?rest_route=%2Fwp%2Fv2%2Fcomments&post=2443"}],"version-history":[{"count":1,"href":"https:\/\/art99.org\/index.php?rest_route=\/wp\/v2\/pages\/2443\/revisions"}],"predecessor-version":[{"id":2444,"href":"https:\/\/art99.org\/index.php?rest_route=\/wp\/v2\/pages\/2443\/revisions\/2444"}],"wp:attachment":[{"href":"https:\/\/art99.org\/index.php?rest_route=%2Fwp%2Fv2%2Fmedia&parent=2443"}],"curies":[{"name":"wp","href":"https:\/\/api.w.org\/{rel}","templated":true}]}}