{"id":2497,"date":"2025-04-27T09:43:23","date_gmt":"2025-04-27T09:43:23","guid":{"rendered":"https:\/\/art99.org\/?page_id=2497"},"modified":"2025-06-14T20:37:12","modified_gmt":"2025-06-14T20:37:12","slug":"vie","status":"publish","type":"page","link":"https:\/\/art99.org\/?page_id=2497&lang=fr","title":{"rendered":"Vie"},"content":{"rendered":"\t\t<div data-elementor-type=\"wp-page\" data-elementor-id=\"2497\" class=\"elementor elementor-2497 elementor-213\" data-elementor-post-type=\"page\">\n\t\t\t\t<div class=\"elementor-element elementor-element-7eb2179 e-flex e-con-boxed e-con e-parent\" data-id=\"7eb2179\" data-element_type=\"container\">\n\t\t\t\t\t<div class=\"e-con-inner\">\n\t\t\t\t<div class=\"elementor-element elementor-element-fbd44b2 elementor-widget elementor-widget-image\" data-id=\"fbd44b2\" data-element_type=\"widget\" data-widget_type=\"image.default\">\n\t\t\t\t<div class=\"elementor-widget-container\">\n\t\t\t\t\t\t\t\t\t\t\t\t\t\t\t<img fetchpriority=\"high\" decoding=\"async\" width=\"816\" height=\"459\" src=\"https:\/\/art99.org\/wp-content\/uploads\/2025\/04\/paint_effect_1514396430339.jpg\" class=\"attachment-2048x2048 size-2048x2048 wp-image-1395\" alt=\"\" srcset=\"https:\/\/art99.org\/wp-content\/uploads\/2025\/04\/paint_effect_1514396430339.jpg 816w, https:\/\/art99.org\/wp-content\/uploads\/2025\/04\/paint_effect_1514396430339-300x169.jpg 300w, https:\/\/art99.org\/wp-content\/uploads\/2025\/04\/paint_effect_1514396430339-768x432.jpg 768w\" sizes=\"(max-width: 816px) 100vw, 816px\" \/>\t\t\t\t\t\t\t\t\t\t\t\t\t\t\t<\/div>\n\t\t\t\t<\/div>\n\t\t\t\t\t<\/div>\n\t\t\t\t<\/div>\n\t\t<div class=\"elementor-element elementor-element-f7ac0c2 e-flex e-con-boxed e-con e-parent\" data-id=\"f7ac0c2\" data-element_type=\"container\">\n\t\t\t\t\t<div class=\"e-con-inner\">\n\t\t\t\t<div class=\"elementor-element elementor-element-07d5f29 elementor-widget elementor-widget-text-editor\" data-id=\"07d5f29\" data-element_type=\"widget\" data-widget_type=\"text-editor.default\">\n\t\t\t\t<div class=\"elementor-widget-container\">\n\t\t\t\t\t\t\t\t\t<p>Je suis n\u00e9 et j&#8217;ai grandi<\/p><p>dans la For\u00eat-Noire.<\/p><p>En communion avec la nature<\/p><p>et les saisons,<\/p><p>j&#8217;ai eu une belle enfance.<\/p><p>Apr\u00e8s une formation<\/p><p>de sculpteur sur bois,<\/p><p>j&#8217;ai \u00e9tudi\u00e9 la sculpture<\/p><p>pendant six ans<\/p><p>aupr\u00e8s du Professeur Klaus Ringwald. <\/p><p>Cette p\u00e9riode m&#8217;a fa\u00e7onn\u00e9<\/p><p>et m&#8217;a pr\u00e9par\u00e9<\/p><p>\u00e0 une vie dans laquelle <\/p><p>mon art<\/p><p>a toujours \u00e9t\u00e9<\/p><p>au centre.<\/p><p> <\/p>\t\t\t\t\t\t\t\t<\/div>\n\t\t\t\t<\/div>\n\t\t\t\t\t<\/div>\n\t\t\t\t<\/div>\n\t\t<div class=\"elementor-element elementor-element-d0bd155 e-flex e-con-boxed e-con e-parent\" data-id=\"d0bd155\" data-element_type=\"container\">\n\t\t\t\t\t<div class=\"e-con-inner\">\n\t\t\t\t<div class=\"elementor-element elementor-element-ccb3fd4 elementor-widget elementor-widget-image\" data-id=\"ccb3fd4\" data-element_type=\"widget\" data-widget_type=\"image.default\">\n\t\t\t\t<div class=\"elementor-widget-container\">\n\t\t\t\t\t\t\t\t\t\t\t\t\t\t\t<img decoding=\"async\" width=\"1024\" height=\"768\" src=\"https:\/\/art99.org\/wp-content\/uploads\/2025\/05\/me-1024x768.jpg\" class=\"attachment-large size-large wp-image-2112\" alt=\"\" srcset=\"https:\/\/art99.org\/wp-content\/uploads\/2025\/05\/me-1024x768.jpg 1024w, https:\/\/art99.org\/wp-content\/uploads\/2025\/05\/me-300x225.jpg 300w, https:\/\/art99.org\/wp-content\/uploads\/2025\/05\/me-768x576.jpg 768w, https:\/\/art99.org\/wp-content\/uploads\/2025\/05\/me-1536x1152.jpg 1536w, https:\/\/art99.org\/wp-content\/uploads\/2025\/05\/me-2048x1536.jpg 2048w\" sizes=\"(max-width: 1024px) 100vw, 1024px\" \/>\t\t\t\t\t\t\t\t\t\t\t\t\t\t\t<\/div>\n\t\t\t\t<\/div>\n\t\t\t\t<div class=\"elementor-element elementor-element-2da6ae4 elementor-widget elementor-widget-text-editor\" data-id=\"2da6ae4\" data-element_type=\"widget\" data-widget_type=\"text-editor.default\">\n\t\t\t\t<div class=\"elementor-widget-container\">\n\t\t\t\t\t\t\t\t\t<p>En 1995, j&#8217;ai appris \u00e0 tatouer<\/p><p>\u00e0 Hambourg, dans le quartier de Reeperbahn.<\/p><p>Une p\u00e9riode sauvage et int\u00e9ressante<\/p><p>a alors commenc\u00e9.<\/p><p>J&#8217;ai fait la connaissance de nombreuses personnes<\/p><p>et j&#8217;ai ainsi \u00e9t\u00e9 invit\u00e9<\/p><p>\u00e0 participer \u00e0 la premi\u00e8re convention de tatouage<\/p><p>\u00e0 Toronto, au Canada,<\/p><p>en 1998.<\/p><p>La Northern Ink Expo<\/p><p>existe toujours.<\/p>\t\t\t\t\t\t\t\t<\/div>\n\t\t\t\t<\/div>\n\t\t\t\t\t<\/div>\n\t\t\t\t<\/div>\n\t\t<div class=\"elementor-element elementor-element-54f4876 e-flex e-con-boxed e-con e-parent\" data-id=\"54f4876\" data-element_type=\"container\">\n\t\t\t\t\t<div class=\"e-con-inner\">\n\t\t\t\t<div class=\"elementor-element elementor-element-ba9c3d9 elementor-widget elementor-widget-text-editor\" data-id=\"ba9c3d9\" data-element_type=\"widget\" data-widget_type=\"text-editor.default\">\n\t\t\t\t<div class=\"elementor-widget-container\">\n\t\t\t\t\t\t\t\t\t<p>\u00c0 partir de 1999, j&#8217;ai beaucoup<\/p><p>voyag\u00e9 et je suis rest\u00e9<\/p><p>pendant une longue p\u00e9riode<\/p><p>au Costa Rica.<\/p><p>L\u00e0-bas, j&#8217;ai pu, sur la plage,<\/p><p>\u00e9tudier et exp\u00e9rimenter<\/p><p>les vagues du Pacifique<\/p><p>chaque jour.<\/p><p> <\/p><p> <\/p><p> <\/p>\t\t\t\t\t\t\t\t<\/div>\n\t\t\t\t<\/div>\n\t\t\t\t\t<\/div>\n\t\t\t\t<\/div>\n\t\t<div class=\"elementor-element elementor-element-3988bd0 e-flex e-con-boxed e-con e-parent\" data-id=\"3988bd0\" data-element_type=\"container\">\n\t\t\t\t\t<div class=\"e-con-inner\">\n\t\t\t\t<div class=\"elementor-element elementor-element-10670a9 elementor-widget elementor-widget-image\" data-id=\"10670a9\" data-element_type=\"widget\" data-widget_type=\"image.default\">\n\t\t\t\t<div class=\"elementor-widget-container\">\n\t\t\t\t\t\t\t\t\t\t\t\t\t\t\t<img decoding=\"async\" width=\"1024\" height=\"668\" src=\"https:\/\/art99.org\/wp-content\/uploads\/2025\/05\/IMG_20250514_143200_edit_481097989204190-1024x668.jpg\" class=\"attachment-large size-large wp-image-2172\" alt=\"\" srcset=\"https:\/\/art99.org\/wp-content\/uploads\/2025\/05\/IMG_20250514_143200_edit_481097989204190-1024x668.jpg 1024w, https:\/\/art99.org\/wp-content\/uploads\/2025\/05\/IMG_20250514_143200_edit_481097989204190-300x196.jpg 300w, https:\/\/art99.org\/wp-content\/uploads\/2025\/05\/IMG_20250514_143200_edit_481097989204190-768x501.jpg 768w, https:\/\/art99.org\/wp-content\/uploads\/2025\/05\/IMG_20250514_143200_edit_481097989204190-1536x1002.jpg 1536w, https:\/\/art99.org\/wp-content\/uploads\/2025\/05\/IMG_20250514_143200_edit_481097989204190-2048x1336.jpg 2048w\" sizes=\"(max-width: 1024px) 100vw, 1024px\" \/>\t\t\t\t\t\t\t\t\t\t\t\t\t\t\t<\/div>\n\t\t\t\t<\/div>\n\t\t\t\t<div class=\"elementor-element elementor-element-074f3a4 elementor-widget elementor-widget-text-editor\" data-id=\"074f3a4\" data-element_type=\"widget\" data-widget_type=\"text-editor.default\">\n\t\t\t\t<div class=\"elementor-widget-container\">\n\t\t\t\t\t\t\t\t\t<p>\u00c0 un certain moment, je suis revenu.<\/p><p>C&#8217;est l\u00e0 que j&#8217;ai rencontr\u00e9<\/p><p>mon \u00e9pouse.<\/p><p> <\/p><p>Ensemble, nous avons<\/p><p>d\u00e9m\u00e9nag\u00e9 \u00e0 La Palma en 2008.<\/p><p>Aujourd&#8217;hui, nous r\u00e9sidons \u00e0 Tenerife.<\/p><p>Je consacre beaucoup de temps<\/p><p>\u00e0 la peinture et <\/p><p>je peux vendre mes \u0153uvres d&#8217;art<\/p><p>dans le monde entier.<\/p><p><\/p><p>Si vous aussi, vous avez d\u00e9couvert<\/p><p>une belle peinture<\/p><p>que vous souhaitez acqu\u00e9rir,<\/p><p>n&#8217;h\u00e9sitez pas \u00e0 me contacter.<\/p><p> <\/p><p> <\/p><p> <\/p><p> <\/p><p> <\/p>\t\t\t\t\t\t\t\t<\/div>\n\t\t\t\t<\/div>\n\t\t\t\t<div class=\"elementor-element elementor-element-80e1ae8 elementor-widget elementor-widget-image\" data-id=\"80e1ae8\" data-element_type=\"widget\" data-widget_type=\"image.default\">\n\t\t\t\t<div class=\"elementor-widget-container\">\n\t\t\t\t\t\t\t\t\t\t\t\t\t\t\t<img loading=\"lazy\" decoding=\"async\" width=\"1024\" height=\"1024\" src=\"https:\/\/art99.org\/wp-content\/uploads\/2025\/04\/IMG_1984-1024x1024.jpg\" class=\"attachment-large size-large wp-image-1374\" alt=\"\" srcset=\"https:\/\/art99.org\/wp-content\/uploads\/2025\/04\/IMG_1984-1024x1024.jpg 1024w, https:\/\/art99.org\/wp-content\/uploads\/2025\/04\/IMG_1984-300x300.jpg 300w, https:\/\/art99.org\/wp-content\/uploads\/2025\/04\/IMG_1984-150x150.jpg 150w, https:\/\/art99.org\/wp-content\/uploads\/2025\/04\/IMG_1984-768x768.jpg 768w, https:\/\/art99.org\/wp-content\/uploads\/2025\/04\/IMG_1984.jpg 1080w\" sizes=\"(max-width: 1024px) 100vw, 1024px\" \/>\t\t\t\t\t\t\t\t\t\t\t\t\t\t\t<\/div>\n\t\t\t\t<\/div>\n\t\t\t\t\t<\/div>\n\t\t\t\t<\/div>\n\t\t<div class=\"elementor-element elementor-element-4d147b4 e-flex e-con-boxed e-con e-parent\" data-id=\"4d147b4\" data-element_type=\"container\">\n\t\t\t\t\t<div class=\"e-con-inner\">\n\t\t\t\t<div class=\"elementor-element elementor-element-5edfc12 elementor-align-center elementor-widget elementor-widget-button\" data-id=\"5edfc12\" data-element_type=\"widget\" data-widget_type=\"button.default\">\n\t\t\t\t<div class=\"elementor-widget-container\">\n\t\t\t\t\t\t\t\t\t<div class=\"elementor-button-wrapper\">\n\t\t\t\t\t<a class=\"elementor-button elementor-button-link elementor-size-sm\" href=\"#\">\n\t\t\t\t\t\t<span class=\"elementor-button-content-wrapper\">\n\t\t\t\t\t\t\t\t\t<span class=\"elementor-button-text\">retour<\/span>\n\t\t\t\t\t<\/span>\n\t\t\t\t\t<\/a>\n\t\t\t\t<\/div>\n\t\t\t\t\t\t\t\t<\/div>\n\t\t\t\t<\/div>\n\t\t\t\t\t<\/div>\n\t\t\t\t<\/div>\n\t\t\t\t<\/div>\n\t\t","protected":false},"excerpt":{"rendered":"<p>Je suis n\u00e9 et j&#8217;ai grandi dans la For\u00eat-Noire. En communion avec la nature et les saisons, j&#8217;ai eu une belle enfance. Apr\u00e8s une formation de sculpteur sur bois, j&#8217;ai \u00e9tudi\u00e9 la sculpture pendant six ans aupr\u00e8s du Professeur Klaus Ringwald. Cette p\u00e9riode m&#8217;a fa\u00e7onn\u00e9 et m&#8217;a pr\u00e9par\u00e9 \u00e0 une vie dans laquelle mon art [&hellip;]<\/p>\n","protected":false},"author":1,"featured_media":0,"parent":0,"menu_order":0,"comment_status":"closed","ping_status":"closed","template":"","meta":{"footnotes":""},"class_list":["post-2497","page","type-page","status-publish","hentry"],"_links":{"self":[{"href":"https:\/\/art99.org\/index.php?rest_route=\/wp\/v2\/pages\/2497","targetHints":{"allow":["GET"]}}],"collection":[{"href":"https:\/\/art99.org\/index.php?rest_route=\/wp\/v2\/pages"}],"about":[{"href":"https:\/\/art99.org\/index.php?rest_route=\/wp\/v2\/types\/page"}],"author":[{"embeddable":true,"href":"https:\/\/art99.org\/index.php?rest_route=\/wp\/v2\/users\/1"}],"replies":[{"embeddable":true,"href":"https:\/\/art99.org\/index.php?rest_route=%2Fwp%2Fv2%2Fcomments&post=2497"}],"version-history":[{"count":1,"href":"https:\/\/art99.org\/index.php?rest_route=\/wp\/v2\/pages\/2497\/revisions"}],"predecessor-version":[{"id":2498,"href":"https:\/\/art99.org\/index.php?rest_route=\/wp\/v2\/pages\/2497\/revisions\/2498"}],"wp:attachment":[{"href":"https:\/\/art99.org\/index.php?rest_route=%2Fwp%2Fv2%2Fmedia&parent=2497"}],"curies":[{"name":"wp","href":"https:\/\/api.w.org\/{rel}","templated":true}]}}